{"id":3568,"date":"2025-01-31T12:04:59","date_gmt":"2025-01-31T12:04:59","guid":{"rendered":"https:\/\/customsailingcb.com\/experiencies\/efoil\/"},"modified":"2025-10-22T14:32:23","modified_gmt":"2025-10-22T14:32:23","slug":"efoil","status":"publish","type":"page","link":"https:\/\/customsailingcb.com\/ca\/experiencies\/efoil\/","title":{"rendered":"eFoil"},"content":{"rendered":"\t\t<div data-elementor-type=\"wp-page\" data-elementor-id=\"3568\" class=\"elementor elementor-3568 elementor-835\" data-elementor-post-type=\"page\">\n\t\t\t\t<div class=\"elementor-element elementor-element-a54d6af e-con-full e-flex e-con e-parent\" data-id=\"a54d6af\" data-element_type=\"container\" data-e-type=\"container\">\n\t\t\t\t<div class=\"elementor-element elementor-element-268757f elementor--h-position-center elementor--v-position-middle elementor-arrows-position-inside elementor-pagination-position-inside elementor-widget elementor-widget-slides\" data-id=\"268757f\" data-element_type=\"widget\" data-e-type=\"widget\" data-settings=\"{&quot;navigation&quot;:&quot;both&quot;,&quot;autoplay&quot;:&quot;yes&quot;,&quot;pause_on_hover&quot;:&quot;yes&quot;,&quot;pause_on_interaction&quot;:&quot;yes&quot;,&quot;autoplay_speed&quot;:5000,&quot;infinite&quot;:&quot;yes&quot;,&quot;transition&quot;:&quot;slide&quot;,&quot;transition_speed&quot;:500}\" data-widget_type=\"slides.default\">\n\t\t\t\t<div class=\"elementor-widget-container\">\n\t\t\t\t\t\t\t\t\t<div class=\"elementor-swiper\">\n\t\t\t\t\t<div class=\"elementor-slides-wrapper elementor-main-swiper swiper\" role=\"region\" aria-roledescription=\"carousel\" aria-label=\"Slides\" dir=\"ltr\" data-animation=\"fadeInUp\">\n\t\t\t\t<div class=\"swiper-wrapper elementor-slides\">\n\t\t\t\t\t\t\t\t\t\t<div class=\"elementor-repeater-item-36d2eb6 swiper-slide\" role=\"group\" aria-roledescription=\"slide\"><div class=\"swiper-slide-bg\" role=\"img\" aria-label=\"foil-detall\"><\/div><div class=\"elementor-background-overlay\"><\/div><div class=\"swiper-slide-inner\" ><div class=\"swiper-slide-contents\"><div class=\"elementor-slide-heading\">eFoil<\/div><\/div><\/div><\/div>\t\t\t\t<\/div>\n\t\t\t\t\t\t\t<\/div>\n\t\t\t\t<\/div>\n\t\t\t\t\t\t\t\t<\/div>\n\t\t\t\t<\/div>\n\t\t\t\t<\/div>\n\t\t<div class=\"elementor-element elementor-element-3ea7253 e-flex e-con-boxed e-con e-parent\" data-id=\"3ea7253\" data-element_type=\"container\" data-e-type=\"container\" data-settings=\"{&quot;background_background&quot;:&quot;classic&quot;}\">\n\t\t\t\t\t<div class=\"e-con-inner\">\n\t\t\t\t<div class=\"elementor-element elementor-element-7ff6f77 elementor-widget elementor-widget-spacer\" data-id=\"7ff6f77\" data-element_type=\"widget\" data-e-type=\"widget\" data-widget_type=\"spacer.default\">\n\t\t\t\t<div class=\"elementor-widget-container\">\n\t\t\t\t\t\t\t<div class=\"elementor-spacer\">\n\t\t\t<div class=\"elementor-spacer-inner\"><\/div>\n\t\t<\/div>\n\t\t\t\t\t\t<\/div>\n\t\t\t\t<\/div>\n\t\t\t\t<div class=\"elementor-element elementor-element-56d0268 elementor-widget elementor-widget-text-editor\" data-id=\"56d0268\" data-element_type=\"widget\" data-e-type=\"widget\" data-widget_type=\"text-editor.default\">\n\t\t\t\t<div class=\"elementor-widget-container\">\n\t\t\t\t\t\t\t\t\t<p><b>La gran novetat: gaudeix de la incre\u00efble sensaci\u00f3 de volar per sobre del mar. Oci sostenible a la Costa Brava.<\/b><\/p>\n<p>La darrera disciplina per lliscar per l&#8217;aigua amb total llibertat en qualsevol moment i condici\u00f3: sense vent, onades o necessitat de remolc.<\/p>\n<p>Descobreix la Costa Brava de la manera m\u00e9s cool sobre una de les nostres taules de surf el\u00e8ctriques. Oferim els eFoil de Takuma amb una nova ubicaci\u00f3 a Marina Palam\u00f3s ia Calella de Palafrugell.<\/p>\n<p>A punt per experimentar l&#8217;\u00faltima tend\u00e8ncia al m\u00f3n dels esports aqu\u00e0tics? Boards2fly presenta una altra prim\u00edcia a la Costa Brava: Efoiling.<\/p>\n<p>Una divertida activitat per a tu i els seus amics. Tant si sou un principiant com un surfista experimentat a la recerca de nous desafiaments, les taules de surf el\u00e8ctriques us entusiasmaran. Fins i tot si no hi ha vent o onades al voltant, l&#8217;eFoil us permet surfejar. Si \u00e9s la teva primera vegada, no et preocupis, els nostres instructors s\u00f3n aqu\u00ed per ajudar-te.<\/p>\n<p>Amb sessions de fins a una hora i bons per ampliar l&#8217;activitat, descobriu l&#8217;\u00faltima tecnologia per surfejar a la Costa Brava! Els nostres instructors experimentats s&#8217;encarregaran de planificar la millor sessi\u00f3 per a tu amb els teus coneixements i consells.<\/p>\n\t\t\t\t\t\t\t\t<\/div>\n\t\t\t\t<\/div>\n\t\t<div class=\"elementor-element elementor-element-d0b4ec1 e-con-full e-flex e-con e-child\" data-id=\"d0b4ec1\" data-element_type=\"container\" data-e-type=\"container\">\n\t\t\t\t<div class=\"elementor-element elementor-element-6355c41 elementor-widget elementor-widget-html\" data-id=\"6355c41\" data-element_type=\"widget\" data-e-type=\"widget\" data-widget_type=\"html.default\">\n\t\t\t\t<div class=\"elementor-widget-container\">\n\t\t\t\t\t<div class=\"container\">\r\n   <div class=\"box-icon extres\">\r\n      <img decoding=\"async\" src=\"https:\/\/customsailingcb.com\/wp-content\/uploads\/2025\/01\/foil.webp\" alt=\"CB sailing boats\">\r\n      <p class=\"text-icon\">1 SESSI\u00d3<\/p>\r\n      <p class=\"text-icon\"><strong>30' - 95\u20ac<\/strong><\/p>\r\n      <p class=\"text-icon\"><strong>60' - 145\u20ac<\/strong><\/p>\r\n   <\/div><br><br>   <div class=\"box-icon extres\">\r\n      <img decoding=\"async\" src=\"https:\/\/customsailingcb.com\/wp-content\/uploads\/2025\/01\/ticket.webp\" alt=\"CB sailing boats\">\r\n      <p class=\"text-icon\">BONUS x3 SESSIONS<\/p> \r\n      <p class=\"text-icon\"><strong>30' - 250\u20ac<\/strong><\/p> \r\n      <p class=\"text-icon\"><strong>60' - 340\u20ac<\/strong><\/p>\r\n   <\/div><br><br>   <div class=\"box-icon extres\">\r\n      <img decoding=\"async\" src=\"https:\/\/customsailingcb.com\/wp-content\/uploads\/2025\/01\/ticket.webp\" alt=\"CB sailing boats\">\r\n      <p class=\"text-icon\">BONUS x5 SESSIONS<\/p>\r\n      <p class=\"text-icon\"><strong>30' - 380\u20ac<\/strong><\/p>\r\n      <p class=\"text-icon\"><strong>60' - 545\u20ac<\/strong><\/p>\r\n   <\/div><br><\/div><br><br><br><p>Inclou l'instructor i tot l'equipament per desenvolupar l'activitat.<\/p><br><br><style>\r\n   .container {\r\n       display: flex;\r\n       flex-direction: row; \/* Alinea los elementos en una fila *\/\r\n       justify-content: space-around; \/* Distribuye uniformemente *\/\r\n       align-items: center; \/* Centra verticalmente *\/\r\n       padding: 15px;\r\n       flex-wrap: wrap; \/* Permite que los elementos se ajusten en pantallas peque\u00f1as *\/\r\n   }\r\n\r\n   .box-icon {\r\n       text-align: center;\r\n       padding: 20px;\r\n       border-radius: 10px;\r\n   }\r\n\r\n   .text-icon {\r\n       font-size: 16px;\r\n       color: #333F48;\r\n       line-height: 0.1;\r\n   }\r\n   \r\n   \/* Correcci\u00f3n del tama\u00f1o de im\u00e1genes *\/\r\n   .box-icon.extres img {\r\n        max-width: 225px !important;\r\n        max-height: 130px !important;\r\n        margin-bottom: 10px;\r\n    }\r\n\r\n   .box-icon:not(.extres) img {\r\n        max-width: 100px !important;\r\n        max-height: 100px !important;\r\n        margin-bottom: 10px;\r\n\r\n    }\r\n\r\n   @media (max-width: 768px) {\r\n       .container {\r\n           flex-direction: column; \/* En pantallas peque\u00f1as, apila en columna *\/\r\n           align-items: center;\r\n       }\r\n\r\n       .box-icon {\r\n           width: 80%;\r\n           margin-bottom: 15px;\r\n       }\r\n   }\r\n<\/style><br>\t\t\t\t<\/div>\n\t\t\t\t<\/div>\n\t\t\t\t<div class=\"elementor-element elementor-element-1999f41 elementor-align-center elementor-widget elementor-widget-button\" data-id=\"1999f41\" data-element_type=\"widget\" data-e-type=\"widget\" data-widget_type=\"button.default\">\n\t\t\t\t<div class=\"elementor-widget-container\">\n\t\t\t\t\t\t\t\t\t<div class=\"elementor-button-wrapper\">\n\t\t\t\t\t<a class=\"elementor-button elementor-button-link elementor-size-sm\" href=\"https:\/\/customsailingcb.com\/ca\/contacte\/\">\n\t\t\t\t\t\t<span class=\"elementor-button-content-wrapper\">\n\t\t\t\t\t\t\t\t\t<span class=\"elementor-button-text\">Submergeix-te a les aig\u00fces cristal\u00b7lines<\/span>\n\t\t\t\t\t<\/span>\n\t\t\t\t\t<\/a>\n\t\t\t\t<\/div>\n\t\t\t\t\t\t\t\t<\/div>\n\t\t\t\t<\/div>\n\t\t\t\t<\/div>\n\t\t\t\t<div class=\"elementor-element elementor-element-317684e elementor-widget elementor-widget-spacer\" data-id=\"317684e\" data-element_type=\"widget\" data-e-type=\"widget\" data-widget_type=\"spacer.default\">\n\t\t\t\t<div class=\"elementor-widget-container\">\n\t\t\t\t\t\t\t<div class=\"elementor-spacer\">\n\t\t\t<div class=\"elementor-spacer-inner\"><\/div>\n\t\t<\/div>\n\t\t\t\t\t\t<\/div>\n\t\t\t\t<\/div>\n\t\t\t\t\t<\/div>\n\t\t\t\t<\/div>\n\t\t\t\t<\/div>\n\t\t","protected":false},"excerpt":{"rendered":"<p>eFoil La gran novetat: gaudeix de la incre\u00efble sensaci\u00f3 de volar per sobre del mar. Oci sostenible a la Costa Brava. La darrera disciplina per lliscar per l&#8217;aigua amb total llibertat en qualsevol moment i condici\u00f3: sense vent, onades o necessitat de remolc. Descobreix la Costa Brava de la manera m\u00e9s cool sobre una de [&hellip;]<\/p>\n","protected":false},"author":2,"featured_media":0,"parent":3532,"menu_order":0,"comment_status":"closed","ping_status":"closed","template":"","meta":{"_acf_changed":false,"site-sidebar-layout":"no-sidebar","site-content-layout":"","ast-site-content-layout":"full-width-container","site-content-style":"default","site-sidebar-style":"default","ast-global-header-display":"","ast-banner-title-visibility":"","ast-main-header-display":"","ast-hfb-above-header-display":"","ast-hfb-below-header-display":"","ast-hfb-mobile-header-display":"","site-post-title":"disabled","ast-breadcrumbs-content":"","ast-featured-img":"disabled","footer-sml-layout":"","ast-disable-related-posts":"","theme-transparent-header-meta":"","adv-header-id-meta":"","stick-header-meta":"","header-above-stick-meta":"","header-main-stick-meta":"","header-below-stick-meta":"","astra-migrate-meta-layouts":"default","ast-page-background-enabled":"default","ast-page-background-meta":{"desktop":{"background-color":"var(--ast-global-color-5)","background-image":"","background-repeat":"repeat","background-position":"center center","background-size":"auto","background-attachment":"scroll","background-type":"","background-media":"","overlay-type":"","overlay-color":"","overlay-opacity":"","overlay-gradient":""},"tablet":{"background-color":"","background-image":"","background-repeat":"repeat","background-position":"center center","background-size":"auto","background-attachment":"scroll","background-type":"","background-media":"","overlay-type":"","overlay-color":"","overlay-opacity":"","overlay-gradient":""},"mobile":{"background-color":"","background-image":"","background-repeat":"repeat","background-position":"center center","background-size":"auto","background-attachment":"scroll","background-type":"","background-media":"","overlay-type":"","overlay-color":"","overlay-opacity":"","overlay-gradient":""}},"ast-content-background-meta":{"desktop":{"background-color":"var(--ast-global-color-4)","background-image":"","background-repeat":"repeat","background-position":"center center","background-size":"auto","background-attachment":"scroll","background-type":"","background-media":"","overlay-type":"","overlay-color":"","overlay-opacity":"","overlay-gradient":""},"tablet":{"background-color":"var(--ast-global-color-4)","background-image":"","background-repeat":"repeat","background-position":"center center","background-size":"auto","background-attachment":"scroll","background-type":"","background-media":"","overlay-type":"","overlay-color":"","overlay-opacity":"","overlay-gradient":""},"mobile":{"background-color":"var(--ast-global-color-4)","background-image":"","background-repeat":"repeat","background-position":"center center","background-size":"auto","background-attachment":"scroll","background-type":"","background-media":"","overlay-type":"","overlay-color":"","overlay-opacity":"","overlay-gradient":""}},"footnotes":""},"class_list":["post-3568","page","type-page","status-publish","hentry"],"acf":[],"yoast_head":"<!-- This site is optimized with the Yoast SEO plugin v27.4 - https:\/\/yoast.com\/product\/yoast-seo-wordpress\/ -->\n<title>eFoil - Custom sailing CB, Lloguer embarcacions Costa Brava<\/title>\n<meta name=\"robots\" content=\"index, follow, max-snippet:-1, max-image-preview:large, max-video-preview:-1\" \/>\n<link rel=\"canonical\" href=\"https:\/\/customsailingcb.com\/ca\/experiencies\/efoil\/\" \/>\n<meta property=\"og:locale\" content=\"ca_ES\" \/>\n<meta property=\"og:type\" content=\"article\" \/>\n<meta property=\"og:title\" content=\"eFoil - Custom sailing CB, Lloguer embarcacions Costa Brava\" \/>\n<meta property=\"og:description\" content=\"eFoil La gran novetat: gaudeix de la incre\u00efble sensaci\u00f3 de volar per sobre del mar. Oci sostenible a la Costa Brava. La darrera disciplina per lliscar per l&#8217;aigua amb total llibertat en qualsevol moment i condici\u00f3: sense vent, onades o necessitat de remolc. Descobreix la Costa Brava de la manera m\u00e9s cool sobre una de [&hellip;]\" \/>\n<meta property=\"og:url\" content=\"https:\/\/customsailingcb.com\/ca\/experiencies\/efoil\/\" \/>\n<meta property=\"og:site_name\" content=\"Custom sailing CB, Lloguer embarcacions Costa Brava\" \/>\n<meta property=\"article:publisher\" content=\"https:\/\/www.facebook.com\/customsailingcostabrava\" \/>\n<meta property=\"article:modified_time\" content=\"2025-10-22T14:32:23+00:00\" \/>\n<meta property=\"og:image\" content=\"https:\/\/customsailingcb.com\/wp-content\/uploads\/2025\/01\/foil.webp\" \/>\n<meta name=\"twitter:card\" content=\"summary_large_image\" \/>\n<meta name=\"twitter:label1\" content=\"Temps estimat de lectura\" \/>\n\t<meta name=\"twitter:data1\" content=\"1 minut\" \/>\n<script type=\"application\/ld+json\" class=\"yoast-schema-graph\">{\"@context\":\"https:\\\/\\\/schema.org\",\"@graph\":[{\"@type\":\"WebPage\",\"@id\":\"https:\\\/\\\/customsailingcb.com\\\/ca\\\/experiencies\\\/efoil\\\/\",\"url\":\"https:\\\/\\\/customsailingcb.com\\\/ca\\\/experiencies\\\/efoil\\\/\",\"name\":\"eFoil - Custom sailing CB, Lloguer embarcacions Costa Brava\",\"isPartOf\":{\"@id\":\"https:\\\/\\\/customsailingcb.com\\\/ca\\\/#website\"},\"primaryImageOfPage\":{\"@id\":\"https:\\\/\\\/customsailingcb.com\\\/ca\\\/experiencies\\\/efoil\\\/#primaryimage\"},\"image\":{\"@id\":\"https:\\\/\\\/customsailingcb.com\\\/ca\\\/experiencies\\\/efoil\\\/#primaryimage\"},\"thumbnailUrl\":\"https:\\\/\\\/customsailingcb.com\\\/wp-content\\\/uploads\\\/2025\\\/01\\\/foil.webp\",\"datePublished\":\"2025-01-31T12:04:59+00:00\",\"dateModified\":\"2025-10-22T14:32:23+00:00\",\"breadcrumb\":{\"@id\":\"https:\\\/\\\/customsailingcb.com\\\/ca\\\/experiencies\\\/efoil\\\/#breadcrumb\"},\"inLanguage\":\"ca\",\"potentialAction\":[{\"@type\":\"ReadAction\",\"target\":[\"https:\\\/\\\/customsailingcb.com\\\/ca\\\/experiencies\\\/efoil\\\/\"]}]},{\"@type\":\"ImageObject\",\"inLanguage\":\"ca\",\"@id\":\"https:\\\/\\\/customsailingcb.com\\\/ca\\\/experiencies\\\/efoil\\\/#primaryimage\",\"url\":\"https:\\\/\\\/customsailingcb.com\\\/wp-content\\\/uploads\\\/2025\\\/01\\\/foil.webp\",\"contentUrl\":\"https:\\\/\\\/customsailingcb.com\\\/wp-content\\\/uploads\\\/2025\\\/01\\\/foil.webp\"},{\"@type\":\"BreadcrumbList\",\"@id\":\"https:\\\/\\\/customsailingcb.com\\\/ca\\\/experiencies\\\/efoil\\\/#breadcrumb\",\"itemListElement\":[{\"@type\":\"ListItem\",\"position\":1,\"name\":\"Inicio\",\"item\":\"https:\\\/\\\/customsailingcb.com\\\/ca\\\/\"},{\"@type\":\"ListItem\",\"position\":2,\"name\":\"Experi\u00e8ncies\",\"item\":\"https:\\\/\\\/customsailingcb.com\\\/ca\\\/experiencias\\\/\"},{\"@type\":\"ListItem\",\"position\":3,\"name\":\"eFoil\"}]},{\"@type\":\"WebSite\",\"@id\":\"https:\\\/\\\/customsailingcb.com\\\/ca\\\/#website\",\"url\":\"https:\\\/\\\/customsailingcb.com\\\/ca\\\/\",\"name\":\"Custom Sailing CB\",\"description\":\"Lloguer embarcacions Costa Brava\",\"publisher\":{\"@id\":\"https:\\\/\\\/customsailingcb.com\\\/ca\\\/#organization\"},\"alternateName\":\"CustomSailingCB.com\",\"potentialAction\":[{\"@type\":\"SearchAction\",\"target\":{\"@type\":\"EntryPoint\",\"urlTemplate\":\"https:\\\/\\\/customsailingcb.com\\\/ca\\\/?s={search_term_string}\"},\"query-input\":{\"@type\":\"PropertyValueSpecification\",\"valueRequired\":true,\"valueName\":\"search_term_string\"}}],\"inLanguage\":\"ca\"},{\"@type\":\"Organization\",\"@id\":\"https:\\\/\\\/customsailingcb.com\\\/ca\\\/#organization\",\"name\":\"Custom Sailing CB\",\"alternateName\":\"Custom Sailing Costa Brava\",\"url\":\"https:\\\/\\\/customsailingcb.com\\\/ca\\\/\",\"logo\":{\"@type\":\"ImageObject\",\"inLanguage\":\"ca\",\"@id\":\"https:\\\/\\\/customsailingcb.com\\\/ca\\\/#\\\/schema\\\/logo\\\/image\\\/\",\"url\":\"https:\\\/\\\/www.customsailingcb.com\\\/wp-content\\\/uploads\\\/2025\\\/01\\\/Logo_customsailing-scaled.webp\",\"contentUrl\":\"https:\\\/\\\/www.customsailingcb.com\\\/wp-content\\\/uploads\\\/2025\\\/01\\\/Logo_customsailing-scaled.webp\",\"width\":2560,\"height\":1085,\"caption\":\"Custom Sailing CB\"},\"image\":{\"@id\":\"https:\\\/\\\/customsailingcb.com\\\/ca\\\/#\\\/schema\\\/logo\\\/image\\\/\"},\"sameAs\":[\"https:\\\/\\\/www.facebook.com\\\/customsailingcostabrava\",\"https:\\\/\\\/www.instagram.com\\\/customsailing\\\/\"]}]}<\/script>\n<!-- \/ Yoast SEO plugin. -->","yoast_head_json":{"title":"eFoil - Custom sailing CB, Lloguer embarcacions Costa Brava","robots":{"index":"index","follow":"follow","max-snippet":"max-snippet:-1","max-image-preview":"max-image-preview:large","max-video-preview":"max-video-preview:-1"},"canonical":"https:\/\/customsailingcb.com\/ca\/experiencies\/efoil\/","og_locale":"ca_ES","og_type":"article","og_title":"eFoil - Custom sailing CB, Lloguer embarcacions Costa Brava","og_description":"eFoil La gran novetat: gaudeix de la incre\u00efble sensaci\u00f3 de volar per sobre del mar. Oci sostenible a la Costa Brava. La darrera disciplina per lliscar per l&#8217;aigua amb total llibertat en qualsevol moment i condici\u00f3: sense vent, onades o necessitat de remolc. Descobreix la Costa Brava de la manera m\u00e9s cool sobre una de [&hellip;]","og_url":"https:\/\/customsailingcb.com\/ca\/experiencies\/efoil\/","og_site_name":"Custom sailing CB, Lloguer embarcacions Costa Brava","article_publisher":"https:\/\/www.facebook.com\/customsailingcostabrava","article_modified_time":"2025-10-22T14:32:23+00:00","og_image":[{"url":"https:\/\/customsailingcb.com\/wp-content\/uploads\/2025\/01\/foil.webp","type":"","width":"","height":""}],"twitter_card":"summary_large_image","twitter_misc":{"Temps estimat de lectura":"1 minut"},"schema":{"@context":"https:\/\/schema.org","@graph":[{"@type":"WebPage","@id":"https:\/\/customsailingcb.com\/ca\/experiencies\/efoil\/","url":"https:\/\/customsailingcb.com\/ca\/experiencies\/efoil\/","name":"eFoil - Custom sailing CB, Lloguer embarcacions Costa Brava","isPartOf":{"@id":"https:\/\/customsailingcb.com\/ca\/#website"},"primaryImageOfPage":{"@id":"https:\/\/customsailingcb.com\/ca\/experiencies\/efoil\/#primaryimage"},"image":{"@id":"https:\/\/customsailingcb.com\/ca\/experiencies\/efoil\/#primaryimage"},"thumbnailUrl":"https:\/\/customsailingcb.com\/wp-content\/uploads\/2025\/01\/foil.webp","datePublished":"2025-01-31T12:04:59+00:00","dateModified":"2025-10-22T14:32:23+00:00","breadcrumb":{"@id":"https:\/\/customsailingcb.com\/ca\/experiencies\/efoil\/#breadcrumb"},"inLanguage":"ca","potentialAction":[{"@type":"ReadAction","target":["https:\/\/customsailingcb.com\/ca\/experiencies\/efoil\/"]}]},{"@type":"ImageObject","inLanguage":"ca","@id":"https:\/\/customsailingcb.com\/ca\/experiencies\/efoil\/#primaryimage","url":"https:\/\/customsailingcb.com\/wp-content\/uploads\/2025\/01\/foil.webp","contentUrl":"https:\/\/customsailingcb.com\/wp-content\/uploads\/2025\/01\/foil.webp"},{"@type":"BreadcrumbList","@id":"https:\/\/customsailingcb.com\/ca\/experiencies\/efoil\/#breadcrumb","itemListElement":[{"@type":"ListItem","position":1,"name":"Inicio","item":"https:\/\/customsailingcb.com\/ca\/"},{"@type":"ListItem","position":2,"name":"Experi\u00e8ncies","item":"https:\/\/customsailingcb.com\/ca\/experiencias\/"},{"@type":"ListItem","position":3,"name":"eFoil"}]},{"@type":"WebSite","@id":"https:\/\/customsailingcb.com\/ca\/#website","url":"https:\/\/customsailingcb.com\/ca\/","name":"Custom Sailing CB","description":"Lloguer embarcacions Costa Brava","publisher":{"@id":"https:\/\/customsailingcb.com\/ca\/#organization"},"alternateName":"CustomSailingCB.com","potentialAction":[{"@type":"SearchAction","target":{"@type":"EntryPoint","urlTemplate":"https:\/\/customsailingcb.com\/ca\/?s={search_term_string}"},"query-input":{"@type":"PropertyValueSpecification","valueRequired":true,"valueName":"search_term_string"}}],"inLanguage":"ca"},{"@type":"Organization","@id":"https:\/\/customsailingcb.com\/ca\/#organization","name":"Custom Sailing CB","alternateName":"Custom Sailing Costa Brava","url":"https:\/\/customsailingcb.com\/ca\/","logo":{"@type":"ImageObject","inLanguage":"ca","@id":"https:\/\/customsailingcb.com\/ca\/#\/schema\/logo\/image\/","url":"https:\/\/www.customsailingcb.com\/wp-content\/uploads\/2025\/01\/Logo_customsailing-scaled.webp","contentUrl":"https:\/\/www.customsailingcb.com\/wp-content\/uploads\/2025\/01\/Logo_customsailing-scaled.webp","width":2560,"height":1085,"caption":"Custom Sailing CB"},"image":{"@id":"https:\/\/customsailingcb.com\/ca\/#\/schema\/logo\/image\/"},"sameAs":["https:\/\/www.facebook.com\/customsailingcostabrava","https:\/\/www.instagram.com\/customsailing\/"]}]}},"_links":{"self":[{"href":"https:\/\/customsailingcb.com\/ca\/wp-json\/wp\/v2\/pages\/3568","targetHints":{"allow":["GET"]}}],"collection":[{"href":"https:\/\/customsailingcb.com\/ca\/wp-json\/wp\/v2\/pages"}],"about":[{"href":"https:\/\/customsailingcb.com\/ca\/wp-json\/wp\/v2\/types\/page"}],"author":[{"embeddable":true,"href":"https:\/\/customsailingcb.com\/ca\/wp-json\/wp\/v2\/users\/2"}],"replies":[{"embeddable":true,"href":"https:\/\/customsailingcb.com\/ca\/wp-json\/wp\/v2\/comments?post=3568"}],"version-history":[{"count":0,"href":"https:\/\/customsailingcb.com\/ca\/wp-json\/wp\/v2\/pages\/3568\/revisions"}],"up":[{"embeddable":true,"href":"https:\/\/customsailingcb.com\/ca\/wp-json\/wp\/v2\/pages\/3532"}],"wp:attachment":[{"href":"https:\/\/customsailingcb.com\/ca\/wp-json\/wp\/v2\/media?parent=3568"}],"curies":[{"name":"wp","href":"https:\/\/api.w.org\/{rel}","templated":true}]}}