{"id":4020,"date":"2025-01-30T15:22:20","date_gmt":"2025-01-30T15:22:20","guid":{"rendered":"https:\/\/customsailingcb.com\/experiencies\/snorkel-busseig\/"},"modified":"2025-11-25T19:51:08","modified_gmt":"2025-11-25T19:51:08","slug":"snorkel-busseig","status":"publish","type":"page","link":"https:\/\/customsailingcb.com\/ca\/experiencies\/snorkel-busseig\/","title":{"rendered":"Snorkel &amp; busseig"},"content":{"rendered":"\t\t<div data-elementor-type=\"wp-page\" data-elementor-id=\"4020\" class=\"elementor elementor-4020 elementor-722\" data-elementor-post-type=\"page\">\n\t\t\t\t<div class=\"elementor-element elementor-element-a54d6af e-con-full e-flex e-con e-parent\" data-id=\"a54d6af\" data-element_type=\"container\" data-e-type=\"container\">\n\t\t\t\t<div class=\"elementor-element elementor-element-268757f elementor--h-position-center elementor--v-position-middle elementor-arrows-position-inside elementor-pagination-position-inside elementor-widget elementor-widget-slides\" data-id=\"268757f\" data-element_type=\"widget\" data-e-type=\"widget\" data-settings=\"{&quot;navigation&quot;:&quot;both&quot;,&quot;autoplay&quot;:&quot;yes&quot;,&quot;pause_on_hover&quot;:&quot;yes&quot;,&quot;pause_on_interaction&quot;:&quot;yes&quot;,&quot;autoplay_speed&quot;:5000,&quot;infinite&quot;:&quot;yes&quot;,&quot;transition&quot;:&quot;slide&quot;,&quot;transition_speed&quot;:500}\" data-widget_type=\"slides.default\">\n\t\t\t\t<div class=\"elementor-widget-container\">\n\t\t\t\t\t\t\t\t\t<div class=\"elementor-swiper\">\n\t\t\t\t\t<div class=\"elementor-slides-wrapper elementor-main-swiper swiper\" role=\"region\" aria-roledescription=\"carousel\" aria-label=\"Slides\" dir=\"ltr\" data-animation=\"fadeInUp\">\n\t\t\t\t<div class=\"swiper-wrapper elementor-slides\">\n\t\t\t\t\t\t\t\t\t\t<div class=\"elementor-repeater-item-36d2eb6 swiper-slide\" role=\"group\" aria-roledescription=\"slide\"><div class=\"swiper-slide-bg\" role=\"img\" aria-label=\"snorkel\"><\/div><div class=\"elementor-background-overlay\"><\/div><div class=\"swiper-slide-inner\" ><div class=\"swiper-slide-contents\"><div class=\"elementor-slide-heading\">Snorkel &amp; busseig<\/div><\/div><\/div><\/div>\t\t\t\t<\/div>\n\t\t\t\t\t\t\t<\/div>\n\t\t\t\t<\/div>\n\t\t\t\t\t\t\t\t<\/div>\n\t\t\t\t<\/div>\n\t\t\t\t<\/div>\n\t\t<div class=\"elementor-element elementor-element-3ea7253 e-flex e-con-boxed e-con e-parent\" data-id=\"3ea7253\" data-element_type=\"container\" data-e-type=\"container\" data-settings=\"{&quot;background_background&quot;:&quot;classic&quot;}\">\n\t\t\t\t\t<div class=\"e-con-inner\">\n\t\t\t\t<div class=\"elementor-element elementor-element-7ff6f77 elementor-widget elementor-widget-spacer\" data-id=\"7ff6f77\" data-element_type=\"widget\" data-e-type=\"widget\" data-widget_type=\"spacer.default\">\n\t\t\t\t<div class=\"elementor-widget-container\">\n\t\t\t\t\t\t\t<div class=\"elementor-spacer\">\n\t\t\t<div class=\"elementor-spacer-inner\"><\/div>\n\t\t<\/div>\n\t\t\t\t\t\t<\/div>\n\t\t\t\t<\/div>\n\t\t\t\t<div class=\"elementor-element elementor-element-56d0268 elementor-widget elementor-widget-text-editor\" data-id=\"56d0268\" data-element_type=\"widget\" data-e-type=\"widget\" data-widget_type=\"text-editor.default\">\n\t\t\t\t<div class=\"elementor-widget-container\">\n\t\t\t\t\t\t\t\t\t<p>Descobriu els millors llocs al voltant de Calella <b>submergir-vos i gaudir de la incre\u00efble bellesa d&#8217;un fons submar\u00ed ple de vida<\/b>, un m\u00f3n meravell\u00f3s en moviment constant i amb sorpreses espectaculars en forma de vida animal a gaireb\u00e9 tots els racons que observem. N&#8217;hi haur\u00e0 prou amb unes ulleres i un tub que us facilitarem o, si sou amants de les profunditats i disposeu de titulaci\u00f3, viureu una experi\u00e8ncia m\u00e0gica pels paratges m\u00e9s amagats guiats per un dels nostres instructors. <\/p>\n\t\t\t\t\t\t\t\t<\/div>\n\t\t\t\t<\/div>\n\t\t<div class=\"elementor-element elementor-element-d0b4ec1 e-con-full e-flex e-con e-child\" data-id=\"d0b4ec1\" data-element_type=\"container\" data-e-type=\"container\">\n\t\t\t\t<div class=\"elementor-element elementor-element-6355c41 elementor-widget elementor-widget-html\" data-id=\"6355c41\" data-element_type=\"widget\" data-e-type=\"widget\" data-widget_type=\"html.default\">\n\t\t\t\t<div class=\"elementor-widget-container\">\n\t\t\t\t\t<div id=\"tabla-precios\" class=\"padding-taula\">\r\n   <table class=\"table table-bordered\">\r\n      <thead>\r\n         <tr>\r\n            <th scope=\"col\">TIPUS\/PREU(\u20ac)\r\n<\/th><th scope=\"col\">DURADA<\/th>\r\n            <th scope=\"col\">MAX. 2 PAX <\/th>\r\n            <th scope=\"col\">MAX. 4 PAX <\/th>\r\n            <th scope=\"col\">MAX. 7 PAX <\/th>\r\n         <\/tr>\r\n      <\/thead>\r\n      <tbody style=\"vertical-align:middle;\">\r\n         <tr>\r\n            <td><img fetchpriority=\"high\" decoding=\"async\" src=\"https:\/\/customsailingcb.com\/wp-content\/uploads\/2025\/01\/Snorkel-1-1.webp\" alt=\"Custom sailing cb\" width=\"250\" height=\"200\"><br> SNORKEL<\/td>\r\n            <td>2 h<\/td>\r\n            <td>200\u20ac<\/td>\r\n            <td>275\u20ac<\/td>\r\n            <td>435\u20ac<\/td>\r\n         <\/tr>\r\n         <tr>\r\n            <td><img decoding=\"async\" src=\"https:\/\/customsailingcb.com\/wp-content\/uploads\/2025\/01\/Diving.webp\" alt=\"Custom sailing cb\" width=\"250\" height=\"200\"><br> DIVING *<\/td>\r\n            <td>4 h<\/td>\r\n            <td>390\u20ac<\/td>\r\n            <td>580\u20ac<\/td>\r\n            <td>875\u20ac<\/td>\r\n         <\/tr>\r\n         <tr>\r\n            <td><img decoding=\"async\" src=\"https:\/\/customsailingcb.com\/wp-content\/uploads\/2025\/01\/DivingFun.webp\" alt=\"Custom sailing cb\" width=\"250\" height=\"200\"><br> DIVING & FUN **<\/td>\r\n            <td>6 h<\/td>\r\n            <td>660\u20ac<\/td>\r\n            <td>875\u20ac<\/td>\r\n            <td>1.430\u20ac<\/td>\r\n         <\/tr>\r\n      <\/tbody>\r\n   <\/table>\r\n<\/div><br><p>* Inclou l'embarcaci\u00f3, el combustible, el servei del patr\u00f3, l'instructor, l'equip de busseig i 1h30 d'immersi\u00f3. Sortides subjectes a disponibilitat.<\/p><br><p>** Inclou embarcaci\u00f3, combustible, servei del patr\u00f3, instructor, equip de busseig, 1h30 d'immersi\u00f3 i aperitiu. Sortides subjectes a disponibilitat.<\/p><br><p>No disponibles en Temporada Alta.<\/p><br><style>\r\n\r\n   .table-bordered {\r\n   font-size: 15px;\r\n   letter-spacing: 1px;\r\n   color: #333F48;\r\n   line-height: 24px;\r\n   }\r\n   .padding-taula {\r\n   padding-left: 5px;\r\n   padding-right: 5px;\r\n   padding-bottom: 1px;\r\n   }\r\n   .table .table-bordered {\r\n   text-align: center;\r\n   }\r\n   .table {\r\n   width: 100%;\r\n   max-width: 100%;\r\n   margin-bottom: 1rem;\r\n   border: none;\r\n   }\r\n   table {\r\n   border-collapse: collapse;\r\n   }\r\n   .no-bold {\r\n   font-weight: 400 !important;\r\n   }\r\n   .table .table-bordered td {\r\n   vertical-align: middle;\r\n   \r\n   }\r\n   th:first-child,\r\n    td:first-child {\r\n    font-weight: bold;\r\n    }\r\n   \r\n   table th, td {\r\n    border: none; \/* Removes all borders *\/\r\n    }\r\n   tbody {\r\n   display: table-row-group;\r\n   vertical-align: middle;\r\n   unicode-bidi: isolate;\r\n   border-color: inherit;\r\n   }\r\n   .table-bordered thead th {\r\n   color: #333F48;\r\n   text-align: center;\r\n   vertical-align: middle;\r\n   border-bottom: 4px solid #333F48;\r\n   font-weight: 900;\r\n   font-size: 15px;\r\n   }\r\n   .table-bordered th, .table-bordered td {\r\n   border-bottom: 1px solid #333F48;\r\n   }\r\n   .table-bordered th, .table-bordered tr:last-child td {\r\n   border-bottom: 0;\r\n   }\r\n   p {\r\n   color: #333F48;\r\n   }\r\n   \r\n<\/style>\t\t\t\t<\/div>\n\t\t\t\t<\/div>\n\t\t\t\t<div class=\"elementor-element elementor-element-1999f41 elementor-align-center elementor-widget elementor-widget-button\" data-id=\"1999f41\" data-element_type=\"widget\" data-e-type=\"widget\" data-widget_type=\"button.default\">\n\t\t\t\t<div class=\"elementor-widget-container\">\n\t\t\t\t\t\t\t\t\t<div class=\"elementor-button-wrapper\">\n\t\t\t\t\t<a class=\"elementor-button elementor-button-link elementor-size-sm\" href=\"https:\/\/customsailingcb.com\/ca\/contacte\/\">\n\t\t\t\t\t\t<span class=\"elementor-button-content-wrapper\">\n\t\t\t\t\t\t\t\t\t<span class=\"elementor-button-text\">Submergeix-te a les aig\u00fces cristal\u00b7lines<\/span>\n\t\t\t\t\t<\/span>\n\t\t\t\t\t<\/a>\n\t\t\t\t<\/div>\n\t\t\t\t\t\t\t\t<\/div>\n\t\t\t\t<\/div>\n\t\t\t\t<\/div>\n\t\t\t\t<div class=\"elementor-element elementor-element-317684e elementor-widget elementor-widget-spacer\" data-id=\"317684e\" data-element_type=\"widget\" data-e-type=\"widget\" data-widget_type=\"spacer.default\">\n\t\t\t\t<div class=\"elementor-widget-container\">\n\t\t\t\t\t\t\t<div class=\"elementor-spacer\">\n\t\t\t<div class=\"elementor-spacer-inner\"><\/div>\n\t\t<\/div>\n\t\t\t\t\t\t<\/div>\n\t\t\t\t<\/div>\n\t\t\t\t\t<\/div>\n\t\t\t\t<\/div>\n\t\t\t\t<\/div>\n\t\t","protected":false},"excerpt":{"rendered":"<p>Snorkel &amp; busseig Descobriu els millors llocs al voltant de Calella submergir-vos i gaudir de la incre\u00efble bellesa d&#8217;un fons submar\u00ed ple de vida, un m\u00f3n meravell\u00f3s en moviment constant i amb sorpreses espectaculars en forma de vida animal a gaireb\u00e9 tots els racons que observem. N&#8217;hi haur\u00e0 prou amb unes ulleres i un tub [&hellip;]<\/p>\n","protected":false},"author":2,"featured_media":0,"parent":3532,"menu_order":0,"comment_status":"closed","ping_status":"closed","template":"","meta":{"_acf_changed":false,"site-sidebar-layout":"no-sidebar","site-content-layout":"","ast-site-content-layout":"full-width-container","site-content-style":"default","site-sidebar-style":"default","ast-global-header-display":"","ast-banner-title-visibility":"","ast-main-header-display":"","ast-hfb-above-header-display":"","ast-hfb-below-header-display":"","ast-hfb-mobile-header-display":"","site-post-title":"disabled","ast-breadcrumbs-content":"","ast-featured-img":"disabled","footer-sml-layout":"","ast-disable-related-posts":"","theme-transparent-header-meta":"","adv-header-id-meta":"","stick-header-meta":"","header-above-stick-meta":"","header-main-stick-meta":"","header-below-stick-meta":"","astra-migrate-meta-layouts":"default","ast-page-background-enabled":"default","ast-page-background-meta":{"desktop":{"background-color":"var(--ast-global-color-5)","background-image":"","background-repeat":"repeat","background-position":"center center","background-size":"auto","background-attachment":"scroll","background-type":"","background-media":"","overlay-type":"","overlay-color":"","overlay-opacity":"","overlay-gradient":""},"tablet":{"background-color":"","background-image":"","background-repeat":"repeat","background-position":"center center","background-size":"auto","background-attachment":"scroll","background-type":"","background-media":"","overlay-type":"","overlay-color":"","overlay-opacity":"","overlay-gradient":""},"mobile":{"background-color":"","background-image":"","background-repeat":"repeat","background-position":"center center","background-size":"auto","background-attachment":"scroll","background-type":"","background-media":"","overlay-type":"","overlay-color":"","overlay-opacity":"","overlay-gradient":""}},"ast-content-background-meta":{"desktop":{"background-color":"var(--ast-global-color-4)","background-image":"","background-repeat":"repeat","background-position":"center center","background-size":"auto","background-attachment":"scroll","background-type":"","background-media":"","overlay-type":"","overlay-color":"","overlay-opacity":"","overlay-gradient":""},"tablet":{"background-color":"var(--ast-global-color-4)","background-image":"","background-repeat":"repeat","background-position":"center center","background-size":"auto","background-attachment":"scroll","background-type":"","background-media":"","overlay-type":"","overlay-color":"","overlay-opacity":"","overlay-gradient":""},"mobile":{"background-color":"var(--ast-global-color-4)","background-image":"","background-repeat":"repeat","background-position":"center center","background-size":"auto","background-attachment":"scroll","background-type":"","background-media":"","overlay-type":"","overlay-color":"","overlay-opacity":"","overlay-gradient":""}},"footnotes":""},"class_list":["post-4020","page","type-page","status-publish","hentry"],"acf":[],"yoast_head":"<!-- This site is optimized with the Yoast SEO plugin v27.4 - https:\/\/yoast.com\/product\/yoast-seo-wordpress\/ -->\n<title>Snorkel &amp; busseig - Custom sailing CB, Lloguer embarcacions Costa Brava<\/title>\n<meta name=\"robots\" content=\"index, follow, max-snippet:-1, max-image-preview:large, max-video-preview:-1\" \/>\n<link rel=\"canonical\" href=\"https:\/\/customsailingcb.com\/ca\/experiencies\/snorkel-busseig\/\" \/>\n<meta property=\"og:locale\" content=\"ca_ES\" \/>\n<meta property=\"og:type\" content=\"article\" \/>\n<meta property=\"og:title\" content=\"Snorkel &amp; busseig - Custom sailing CB, Lloguer embarcacions Costa Brava\" \/>\n<meta property=\"og:description\" content=\"Snorkel &amp; busseig Descobriu els millors llocs al voltant de Calella submergir-vos i gaudir de la incre\u00efble bellesa d&#8217;un fons submar\u00ed ple de vida, un m\u00f3n meravell\u00f3s en moviment constant i amb sorpreses espectaculars en forma de vida animal a gaireb\u00e9 tots els racons que observem. N&#8217;hi haur\u00e0 prou amb unes ulleres i un tub [&hellip;]\" \/>\n<meta property=\"og:url\" content=\"https:\/\/customsailingcb.com\/ca\/experiencies\/snorkel-busseig\/\" \/>\n<meta property=\"og:site_name\" content=\"Custom sailing CB, Lloguer embarcacions Costa Brava\" \/>\n<meta property=\"article:publisher\" content=\"https:\/\/www.facebook.com\/customsailingcostabrava\" \/>\n<meta property=\"article:modified_time\" content=\"2025-11-25T19:51:08+00:00\" \/>\n<meta property=\"og:image\" content=\"https:\/\/customsailingcb.com\/wp-content\/uploads\/2025\/01\/Snorkel-1-1.webp\" \/>\n<meta name=\"twitter:card\" content=\"summary_large_image\" \/>\n<meta name=\"twitter:label1\" content=\"Temps estimat de lectura\" \/>\n\t<meta name=\"twitter:data1\" content=\"1 minut\" \/>\n<script type=\"application\/ld+json\" class=\"yoast-schema-graph\">{\"@context\":\"https:\\\/\\\/schema.org\",\"@graph\":[{\"@type\":\"WebPage\",\"@id\":\"https:\\\/\\\/customsailingcb.com\\\/ca\\\/experiencies\\\/snorkel-busseig\\\/\",\"url\":\"https:\\\/\\\/customsailingcb.com\\\/ca\\\/experiencies\\\/snorkel-busseig\\\/\",\"name\":\"Snorkel &amp; busseig - Custom sailing CB, Lloguer embarcacions Costa Brava\",\"isPartOf\":{\"@id\":\"https:\\\/\\\/customsailingcb.com\\\/ca\\\/#website\"},\"primaryImageOfPage\":{\"@id\":\"https:\\\/\\\/customsailingcb.com\\\/ca\\\/experiencies\\\/snorkel-busseig\\\/#primaryimage\"},\"image\":{\"@id\":\"https:\\\/\\\/customsailingcb.com\\\/ca\\\/experiencies\\\/snorkel-busseig\\\/#primaryimage\"},\"thumbnailUrl\":\"https:\\\/\\\/customsailingcb.com\\\/wp-content\\\/uploads\\\/2025\\\/01\\\/Snorkel-1-1.webp\",\"datePublished\":\"2025-01-30T15:22:20+00:00\",\"dateModified\":\"2025-11-25T19:51:08+00:00\",\"breadcrumb\":{\"@id\":\"https:\\\/\\\/customsailingcb.com\\\/ca\\\/experiencies\\\/snorkel-busseig\\\/#breadcrumb\"},\"inLanguage\":\"ca\",\"potentialAction\":[{\"@type\":\"ReadAction\",\"target\":[\"https:\\\/\\\/customsailingcb.com\\\/ca\\\/experiencies\\\/snorkel-busseig\\\/\"]}]},{\"@type\":\"ImageObject\",\"inLanguage\":\"ca\",\"@id\":\"https:\\\/\\\/customsailingcb.com\\\/ca\\\/experiencies\\\/snorkel-busseig\\\/#primaryimage\",\"url\":\"https:\\\/\\\/customsailingcb.com\\\/wp-content\\\/uploads\\\/2025\\\/01\\\/Snorkel-1-1.webp\",\"contentUrl\":\"https:\\\/\\\/customsailingcb.com\\\/wp-content\\\/uploads\\\/2025\\\/01\\\/Snorkel-1-1.webp\"},{\"@type\":\"BreadcrumbList\",\"@id\":\"https:\\\/\\\/customsailingcb.com\\\/ca\\\/experiencies\\\/snorkel-busseig\\\/#breadcrumb\",\"itemListElement\":[{\"@type\":\"ListItem\",\"position\":1,\"name\":\"Inicio\",\"item\":\"https:\\\/\\\/customsailingcb.com\\\/ca\\\/\"},{\"@type\":\"ListItem\",\"position\":2,\"name\":\"Experi\u00e8ncies\",\"item\":\"https:\\\/\\\/customsailingcb.com\\\/ca\\\/experiencias\\\/\"},{\"@type\":\"ListItem\",\"position\":3,\"name\":\"Snorkel &amp; busseig\"}]},{\"@type\":\"WebSite\",\"@id\":\"https:\\\/\\\/customsailingcb.com\\\/ca\\\/#website\",\"url\":\"https:\\\/\\\/customsailingcb.com\\\/ca\\\/\",\"name\":\"Custom Sailing CB\",\"description\":\"Lloguer embarcacions Costa Brava\",\"publisher\":{\"@id\":\"https:\\\/\\\/customsailingcb.com\\\/ca\\\/#organization\"},\"alternateName\":\"CustomSailingCB.com\",\"potentialAction\":[{\"@type\":\"SearchAction\",\"target\":{\"@type\":\"EntryPoint\",\"urlTemplate\":\"https:\\\/\\\/customsailingcb.com\\\/ca\\\/?s={search_term_string}\"},\"query-input\":{\"@type\":\"PropertyValueSpecification\",\"valueRequired\":true,\"valueName\":\"search_term_string\"}}],\"inLanguage\":\"ca\"},{\"@type\":\"Organization\",\"@id\":\"https:\\\/\\\/customsailingcb.com\\\/ca\\\/#organization\",\"name\":\"Custom Sailing CB\",\"alternateName\":\"Custom Sailing Costa Brava\",\"url\":\"https:\\\/\\\/customsailingcb.com\\\/ca\\\/\",\"logo\":{\"@type\":\"ImageObject\",\"inLanguage\":\"ca\",\"@id\":\"https:\\\/\\\/customsailingcb.com\\\/ca\\\/#\\\/schema\\\/logo\\\/image\\\/\",\"url\":\"https:\\\/\\\/www.customsailingcb.com\\\/wp-content\\\/uploads\\\/2025\\\/01\\\/Logo_customsailing-scaled.webp\",\"contentUrl\":\"https:\\\/\\\/www.customsailingcb.com\\\/wp-content\\\/uploads\\\/2025\\\/01\\\/Logo_customsailing-scaled.webp\",\"width\":2560,\"height\":1085,\"caption\":\"Custom Sailing CB\"},\"image\":{\"@id\":\"https:\\\/\\\/customsailingcb.com\\\/ca\\\/#\\\/schema\\\/logo\\\/image\\\/\"},\"sameAs\":[\"https:\\\/\\\/www.facebook.com\\\/customsailingcostabrava\",\"https:\\\/\\\/www.instagram.com\\\/customsailing\\\/\"]}]}<\/script>\n<!-- \/ Yoast SEO plugin. -->","yoast_head_json":{"title":"Snorkel &amp; busseig - Custom sailing CB, Lloguer embarcacions Costa Brava","robots":{"index":"index","follow":"follow","max-snippet":"max-snippet:-1","max-image-preview":"max-image-preview:large","max-video-preview":"max-video-preview:-1"},"canonical":"https:\/\/customsailingcb.com\/ca\/experiencies\/snorkel-busseig\/","og_locale":"ca_ES","og_type":"article","og_title":"Snorkel &amp; busseig - Custom sailing CB, Lloguer embarcacions Costa Brava","og_description":"Snorkel &amp; busseig Descobriu els millors llocs al voltant de Calella submergir-vos i gaudir de la incre\u00efble bellesa d&#8217;un fons submar\u00ed ple de vida, un m\u00f3n meravell\u00f3s en moviment constant i amb sorpreses espectaculars en forma de vida animal a gaireb\u00e9 tots els racons que observem. N&#8217;hi haur\u00e0 prou amb unes ulleres i un tub [&hellip;]","og_url":"https:\/\/customsailingcb.com\/ca\/experiencies\/snorkel-busseig\/","og_site_name":"Custom sailing CB, Lloguer embarcacions Costa Brava","article_publisher":"https:\/\/www.facebook.com\/customsailingcostabrava","article_modified_time":"2025-11-25T19:51:08+00:00","og_image":[{"url":"https:\/\/customsailingcb.com\/wp-content\/uploads\/2025\/01\/Snorkel-1-1.webp","type":"","width":"","height":""}],"twitter_card":"summary_large_image","twitter_misc":{"Temps estimat de lectura":"1 minut"},"schema":{"@context":"https:\/\/schema.org","@graph":[{"@type":"WebPage","@id":"https:\/\/customsailingcb.com\/ca\/experiencies\/snorkel-busseig\/","url":"https:\/\/customsailingcb.com\/ca\/experiencies\/snorkel-busseig\/","name":"Snorkel &amp; busseig - Custom sailing CB, Lloguer embarcacions Costa Brava","isPartOf":{"@id":"https:\/\/customsailingcb.com\/ca\/#website"},"primaryImageOfPage":{"@id":"https:\/\/customsailingcb.com\/ca\/experiencies\/snorkel-busseig\/#primaryimage"},"image":{"@id":"https:\/\/customsailingcb.com\/ca\/experiencies\/snorkel-busseig\/#primaryimage"},"thumbnailUrl":"https:\/\/customsailingcb.com\/wp-content\/uploads\/2025\/01\/Snorkel-1-1.webp","datePublished":"2025-01-30T15:22:20+00:00","dateModified":"2025-11-25T19:51:08+00:00","breadcrumb":{"@id":"https:\/\/customsailingcb.com\/ca\/experiencies\/snorkel-busseig\/#breadcrumb"},"inLanguage":"ca","potentialAction":[{"@type":"ReadAction","target":["https:\/\/customsailingcb.com\/ca\/experiencies\/snorkel-busseig\/"]}]},{"@type":"ImageObject","inLanguage":"ca","@id":"https:\/\/customsailingcb.com\/ca\/experiencies\/snorkel-busseig\/#primaryimage","url":"https:\/\/customsailingcb.com\/wp-content\/uploads\/2025\/01\/Snorkel-1-1.webp","contentUrl":"https:\/\/customsailingcb.com\/wp-content\/uploads\/2025\/01\/Snorkel-1-1.webp"},{"@type":"BreadcrumbList","@id":"https:\/\/customsailingcb.com\/ca\/experiencies\/snorkel-busseig\/#breadcrumb","itemListElement":[{"@type":"ListItem","position":1,"name":"Inicio","item":"https:\/\/customsailingcb.com\/ca\/"},{"@type":"ListItem","position":2,"name":"Experi\u00e8ncies","item":"https:\/\/customsailingcb.com\/ca\/experiencias\/"},{"@type":"ListItem","position":3,"name":"Snorkel &amp; busseig"}]},{"@type":"WebSite","@id":"https:\/\/customsailingcb.com\/ca\/#website","url":"https:\/\/customsailingcb.com\/ca\/","name":"Custom Sailing CB","description":"Lloguer embarcacions Costa Brava","publisher":{"@id":"https:\/\/customsailingcb.com\/ca\/#organization"},"alternateName":"CustomSailingCB.com","potentialAction":[{"@type":"SearchAction","target":{"@type":"EntryPoint","urlTemplate":"https:\/\/customsailingcb.com\/ca\/?s={search_term_string}"},"query-input":{"@type":"PropertyValueSpecification","valueRequired":true,"valueName":"search_term_string"}}],"inLanguage":"ca"},{"@type":"Organization","@id":"https:\/\/customsailingcb.com\/ca\/#organization","name":"Custom Sailing CB","alternateName":"Custom Sailing Costa Brava","url":"https:\/\/customsailingcb.com\/ca\/","logo":{"@type":"ImageObject","inLanguage":"ca","@id":"https:\/\/customsailingcb.com\/ca\/#\/schema\/logo\/image\/","url":"https:\/\/www.customsailingcb.com\/wp-content\/uploads\/2025\/01\/Logo_customsailing-scaled.webp","contentUrl":"https:\/\/www.customsailingcb.com\/wp-content\/uploads\/2025\/01\/Logo_customsailing-scaled.webp","width":2560,"height":1085,"caption":"Custom Sailing CB"},"image":{"@id":"https:\/\/customsailingcb.com\/ca\/#\/schema\/logo\/image\/"},"sameAs":["https:\/\/www.facebook.com\/customsailingcostabrava","https:\/\/www.instagram.com\/customsailing\/"]}]}},"_links":{"self":[{"href":"https:\/\/customsailingcb.com\/ca\/wp-json\/wp\/v2\/pages\/4020","targetHints":{"allow":["GET"]}}],"collection":[{"href":"https:\/\/customsailingcb.com\/ca\/wp-json\/wp\/v2\/pages"}],"about":[{"href":"https:\/\/customsailingcb.com\/ca\/wp-json\/wp\/v2\/types\/page"}],"author":[{"embeddable":true,"href":"https:\/\/customsailingcb.com\/ca\/wp-json\/wp\/v2\/users\/2"}],"replies":[{"embeddable":true,"href":"https:\/\/customsailingcb.com\/ca\/wp-json\/wp\/v2\/comments?post=4020"}],"version-history":[{"count":0,"href":"https:\/\/customsailingcb.com\/ca\/wp-json\/wp\/v2\/pages\/4020\/revisions"}],"up":[{"embeddable":true,"href":"https:\/\/customsailingcb.com\/ca\/wp-json\/wp\/v2\/pages\/3532"}],"wp:attachment":[{"href":"https:\/\/customsailingcb.com\/ca\/wp-json\/wp\/v2\/media?parent=4020"}],"curies":[{"name":"wp","href":"https:\/\/api.w.org\/{rel}","templated":true}]}}