{"id":4059,"date":"2025-01-27T16:12:36","date_gmt":"2025-01-27T16:12:36","guid":{"rendered":"https:\/\/customsailingcb.com\/serveis\/"},"modified":"2025-03-12T08:10:20","modified_gmt":"2025-03-12T08:10:20","slug":"serveis","status":"publish","type":"page","link":"https:\/\/customsailingcb.com\/ca\/serveis\/","title":{"rendered":"Serveis"},"content":{"rendered":"\t\t<div data-elementor-type=\"wp-page\" data-elementor-id=\"4059\" class=\"elementor elementor-4059 elementor-563\" data-elementor-post-type=\"page\">\n\t\t\t\t<div class=\"elementor-element elementor-element-a54d6af e-con-full e-flex e-con e-parent\" data-id=\"a54d6af\" data-element_type=\"container\" data-e-type=\"container\">\n\t\t\t\t<div class=\"elementor-element elementor-element-268757f elementor--h-position-center elementor--v-position-middle elementor-arrows-position-inside elementor-pagination-position-inside elementor-widget elementor-widget-slides\" data-id=\"268757f\" data-element_type=\"widget\" data-e-type=\"widget\" data-settings=\"{&quot;navigation&quot;:&quot;both&quot;,&quot;autoplay&quot;:&quot;yes&quot;,&quot;pause_on_hover&quot;:&quot;yes&quot;,&quot;pause_on_interaction&quot;:&quot;yes&quot;,&quot;autoplay_speed&quot;:5000,&quot;infinite&quot;:&quot;yes&quot;,&quot;transition&quot;:&quot;slide&quot;,&quot;transition_speed&quot;:500}\" data-widget_type=\"slides.default\">\n\t\t\t\t<div class=\"elementor-widget-container\">\n\t\t\t\t\t\t\t\t\t<div class=\"elementor-swiper\">\n\t\t\t\t\t<div class=\"elementor-slides-wrapper elementor-main-swiper swiper\" role=\"region\" aria-roledescription=\"carousel\" aria-label=\"Slides\" dir=\"ltr\" data-animation=\"fadeInUp\">\n\t\t\t\t<div class=\"swiper-wrapper elementor-slides\">\n\t\t\t\t\t\t\t\t\t\t<div class=\"elementor-repeater-item-36d2eb6 swiper-slide\" role=\"group\" aria-roledescription=\"slide\"><div class=\"swiper-slide-bg\" role=\"img\" aria-label=\"Barca en puerto de la Costa Brava\"><\/div><div class=\"elementor-background-overlay\"><\/div><div class=\"swiper-slide-inner\" ><div class=\"swiper-slide-contents\"><div class=\"elementor-slide-heading\">Serveis<\/div><\/div><\/div><\/div>\t\t\t\t<\/div>\n\t\t\t\t\t\t\t<\/div>\n\t\t\t\t<\/div>\n\t\t\t\t\t\t\t\t<\/div>\n\t\t\t\t<\/div>\n\t\t\t\t<\/div>\n\t\t<div class=\"elementor-element elementor-element-3ea7253 e-flex e-con-boxed e-con e-parent\" data-id=\"3ea7253\" data-element_type=\"container\" data-e-type=\"container\" data-settings=\"{&quot;background_background&quot;:&quot;classic&quot;}\">\n\t\t\t\t\t<div class=\"e-con-inner\">\n\t\t\t\t<div class=\"elementor-element elementor-element-03b77b6 elementor-widget elementor-widget-spacer\" data-id=\"03b77b6\" data-element_type=\"widget\" data-e-type=\"widget\" data-widget_type=\"spacer.default\">\n\t\t\t\t<div class=\"elementor-widget-container\">\n\t\t\t\t\t\t\t<div class=\"elementor-spacer\">\n\t\t\t<div class=\"elementor-spacer-inner\"><\/div>\n\t\t<\/div>\n\t\t\t\t\t\t<\/div>\n\t\t\t\t<\/div>\n\t\t<div class=\"elementor-element elementor-element-b5fd42f e-con-full e-flex e-con e-child\" data-id=\"b5fd42f\" data-element_type=\"container\" data-e-type=\"container\">\n\t\t<div class=\"elementor-element elementor-element-8b27789 e-con-full e-flex e-con e-child\" data-id=\"8b27789\" data-element_type=\"container\" data-e-type=\"container\">\n\t\t\t\t<div class=\"elementor-element elementor-element-a6cd02e elementor-cta--skin-classic elementor-animated-content elementor-widget elementor-widget-call-to-action\" data-id=\"a6cd02e\" data-element_type=\"widget\" data-e-type=\"widget\" data-widget_type=\"call-to-action.default\">\n\t\t\t\t<div class=\"elementor-widget-container\">\n\t\t\t\t\t\t\t<div class=\"elementor-cta\">\n\t\t\t\t\t<div class=\"elementor-cta__bg-wrapper\">\n\t\t\t\t<div class=\"elementor-cta__bg elementor-bg\" style=\"background-image: url(https:\/\/customsailingcb.com\/wp-content\/uploads\/2025\/01\/manteniment.webp);\" role=\"img\" aria-label=\"manteniment\"><\/div>\n\t\t\t\t<div class=\"elementor-cta__bg-overlay\"><\/div>\n\t\t\t<\/div>\n\t\t\t\t\t\t\t<div class=\"elementor-cta__content\">\n\t\t\t\t\n\t\t\t\t\t\t\t\t\t<h2 class=\"elementor-cta__title elementor-cta__content-item elementor-content-item\">\n\t\t\t\t\t\tManteniment d'embarcacions\t\t\t\t\t<\/h2>\n\t\t\t\t\n\t\t\t\t\t\t\t\t\t<div class=\"elementor-cta__description elementor-cta__content-item elementor-content-item\">\n\t\t\t\t\t\t<p>La vostra embarcaci\u00f3 al dia durant tot l'any.<\/p>\n\t\t\t\t\t<\/div>\n\t\t\t\t\n\t\t\t\t\t\t\t\t\t<div class=\"elementor-cta__button-wrapper elementor-cta__content-item elementor-content-item \">\n\t\t\t\t\t<a class=\"elementor-cta__button elementor-button elementor-size-\" href=\"https:\/\/customsailingcb.com\/ca\/serveis\/manteniment-dembarcacions\/\">\n\t\t\t\t\t\t+ INFO\t\t\t\t\t<\/a>\n\t\t\t\t\t<\/div>\n\t\t\t\t\t\t\t<\/div>\n\t\t\t\t\t\t<\/div>\n\t\t\t\t\t\t<\/div>\n\t\t\t\t<\/div>\n\t\t\t\t<\/div>\n\t\t<div class=\"elementor-element elementor-element-a280fb1 e-con-full e-flex e-con e-child\" data-id=\"a280fb1\" data-element_type=\"container\" data-e-type=\"container\">\n\t\t\t\t<div class=\"elementor-element elementor-element-726ee07 elementor-cta--skin-classic elementor-animated-content elementor-widget elementor-widget-call-to-action\" data-id=\"726ee07\" data-element_type=\"widget\" data-e-type=\"widget\" data-widget_type=\"call-to-action.default\">\n\t\t\t\t<div class=\"elementor-widget-container\">\n\t\t\t\t\t\t\t<div class=\"elementor-cta\">\n\t\t\t\t\t<div class=\"elementor-cta__bg-wrapper\">\n\t\t\t\t<div class=\"elementor-cta__bg elementor-bg\" style=\"background-image: url(https:\/\/customsailingcb.com\/wp-content\/uploads\/2025\/01\/serveis-iots.webp);\" role=\"img\" aria-label=\"serveis-iots\"><\/div>\n\t\t\t\t<div class=\"elementor-cta__bg-overlay\"><\/div>\n\t\t\t<\/div>\n\t\t\t\t\t\t\t<div class=\"elementor-cta__content\">\n\t\t\t\t\n\t\t\t\t\t\t\t\t\t<h2 class=\"elementor-cta__title elementor-cta__content-item elementor-content-item\">\n\t\t\t\t\t\tServeis per a iots\t\t\t\t\t<\/h2>\n\t\t\t\t\n\t\t\t\t\t\t\t\t\t<div class=\"elementor-cta__description elementor-cta__content-item elementor-content-item\">\n\t\t\t\t\t\t<p>La nostra experi\u00e8ncia de m\u00e9s de 20 anys treballant al sector de la n\u00e0utica.<\/p>\n\t\t\t\t\t<\/div>\n\t\t\t\t\n\t\t\t\t\t\t\t\t\t<div class=\"elementor-cta__button-wrapper elementor-cta__content-item elementor-content-item \">\n\t\t\t\t\t<a class=\"elementor-cta__button elementor-button elementor-size-\" href=\"https:\/\/customsailingcb.com\/ca\/serveis\/serveis-per-a-iots\/\">\n\t\t\t\t\t\t+ INFO\t\t\t\t\t<\/a>\n\t\t\t\t\t<\/div>\n\t\t\t\t\t\t\t<\/div>\n\t\t\t\t\t\t<\/div>\n\t\t\t\t\t\t<\/div>\n\t\t\t\t<\/div>\n\t\t\t\t<\/div>\n\t\t<div class=\"elementor-element elementor-element-1a3e270 e-con-full e-flex e-con e-child\" data-id=\"1a3e270\" data-element_type=\"container\" data-e-type=\"container\">\n\t\t\t\t<div class=\"elementor-element elementor-element-7dfca26 elementor-cta--skin-classic elementor-animated-content elementor-widget elementor-widget-call-to-action\" data-id=\"7dfca26\" data-element_type=\"widget\" data-e-type=\"widget\" data-widget_type=\"call-to-action.default\">\n\t\t\t\t<div class=\"elementor-widget-container\">\n\t\t\t\t\t\t\t<div class=\"elementor-cta\">\n\t\t\t\t\t<div class=\"elementor-cta__bg-wrapper\">\n\t\t\t\t<div class=\"elementor-cta__bg elementor-bg\" style=\"background-image: url(https:\/\/customsailingcb.com\/wp-content\/uploads\/2025\/01\/gestio-embarcacions.webp);\" role=\"img\" aria-label=\"gestio-embarcacions\"><\/div>\n\t\t\t\t<div class=\"elementor-cta__bg-overlay\"><\/div>\n\t\t\t<\/div>\n\t\t\t\t\t\t\t<div class=\"elementor-cta__content\">\n\t\t\t\t\n\t\t\t\t\t\t\t\t\t<h2 class=\"elementor-cta__title elementor-cta__content-item elementor-content-item\">\n\t\t\t\t\t\tGesti\u00f3 d'embarcacions x\u00e0rter\t\t\t\t\t<\/h2>\n\t\t\t\t\n\t\t\t\t\t\t\t\t\t<div class=\"elementor-cta__description elementor-cta__content-item elementor-content-item\">\n\t\t\t\t\t\t<p>Ens encarreguem de la gesti\u00f3 del lloguer de la seva embarcaci\u00f3 i estalviareu en despeses.<\/p>\n\t\t\t\t\t<\/div>\n\t\t\t\t\n\t\t\t\t\t\t\t\t\t<div class=\"elementor-cta__button-wrapper elementor-cta__content-item elementor-content-item \">\n\t\t\t\t\t<a class=\"elementor-cta__button elementor-button elementor-size-\" href=\"https:\/\/customsailingcb.com\/ca\/serveis\/gestio-dembarcacions-xarter\/\">\n\t\t\t\t\t\t+ INFO\t\t\t\t\t<\/a>\n\t\t\t\t\t<\/div>\n\t\t\t\t\t\t\t<\/div>\n\t\t\t\t\t\t<\/div>\n\t\t\t\t\t\t<\/div>\n\t\t\t\t<\/div>\n\t\t\t\t<\/div>\n\t\t<div class=\"elementor-element elementor-element-8e60944 e-con-full e-flex e-con e-child\" data-id=\"8e60944\" data-element_type=\"container\" data-e-type=\"container\">\n\t\t\t\t<div class=\"elementor-element elementor-element-ddf2776 elementor-cta--skin-classic elementor-animated-content elementor-widget elementor-widget-call-to-action\" data-id=\"ddf2776\" data-element_type=\"widget\" data-e-type=\"widget\" data-widget_type=\"call-to-action.default\">\n\t\t\t\t<div class=\"elementor-widget-container\">\n\t\t\t\t\t\t\t<div class=\"elementor-cta\">\n\t\t\t\t\t<div class=\"elementor-cta__bg-wrapper\">\n\t\t\t\t<div class=\"elementor-cta__bg elementor-bg\" style=\"background-image: url(https:\/\/customsailingcb.com\/wp-content\/uploads\/2025\/01\/inversio-assessorament.webp);\" role=\"img\" aria-label=\"inversio-assessorament\"><\/div>\n\t\t\t\t<div class=\"elementor-cta__bg-overlay\"><\/div>\n\t\t\t<\/div>\n\t\t\t\t\t\t\t<div class=\"elementor-cta__content\">\n\t\t\t\t\n\t\t\t\t\t\t\t\t\t<h2 class=\"elementor-cta__title elementor-cta__content-item elementor-content-item\">\n\t\t\t\t\t\tOportunitats d'inversi\u00f3 i assessorament\t\t\t\t\t<\/h2>\n\t\t\t\t\n\t\t\t\t\t\t\t\t\t<div class=\"elementor-cta__description elementor-cta__content-item elementor-content-item\">\n\t\t\t\t\t\t<p>La Costa Brava i l'Empord\u00e0 presenten un atractiu per a un inversor. Sens dubte, el risc d\u201funa inversi\u00f3 pot resultar molt elevat si no disposa dels contactes adequats. <\/p>\n\t\t\t\t\t<\/div>\n\t\t\t\t\n\t\t\t\t\t\t\t\t\t<div class=\"elementor-cta__button-wrapper elementor-cta__content-item elementor-content-item \">\n\t\t\t\t\t<a class=\"elementor-cta__button elementor-button elementor-size-\" href=\"https:\/\/customsailingcb.com\/ca\/serveis\/oportunitats-dinversio-i-assessorament\/\">\n\t\t\t\t\t\t+ INFO\t\t\t\t\t<\/a>\n\t\t\t\t\t<\/div>\n\t\t\t\t\t\t\t<\/div>\n\t\t\t\t\t\t<\/div>\n\t\t\t\t\t\t<\/div>\n\t\t\t\t<\/div>\n\t\t\t\t<\/div>\n\t\t\t\t<\/div>\n\t\t\t\t<div class=\"elementor-element elementor-element-2cf5a42 elementor-widget elementor-widget-spacer\" data-id=\"2cf5a42\" data-element_type=\"widget\" data-e-type=\"widget\" data-widget_type=\"spacer.default\">\n\t\t\t\t<div class=\"elementor-widget-container\">\n\t\t\t\t\t\t\t<div class=\"elementor-spacer\">\n\t\t\t<div class=\"elementor-spacer-inner\"><\/div>\n\t\t<\/div>\n\t\t\t\t\t\t<\/div>\n\t\t\t\t<\/div>\n\t\t\t\t\t<\/div>\n\t\t\t\t<\/div>\n\t\t\t\t<\/div>\n\t\t","protected":false},"excerpt":{"rendered":"<p>Serveis Manteniment d&#8217;embarcacions La vostra embarcaci\u00f3 al dia durant tot l&#8217;any. + INFO Serveis per a iots La nostra experi\u00e8ncia de m\u00e9s de 20 anys treballant al sector de la n\u00e0utica. + INFO Gesti\u00f3 d&#8217;embarcacions x\u00e0rter Ens encarreguem de la gesti\u00f3 del lloguer de la seva embarcaci\u00f3 i estalviareu en despeses. + INFO Oportunitats d&#8217;inversi\u00f3 [&hellip;]<\/p>\n","protected":false},"author":2,"featured_media":0,"parent":0,"menu_order":0,"comment_status":"closed","ping_status":"closed","template":"","meta":{"_acf_changed":false,"site-sidebar-layout":"no-sidebar","site-content-layout":"","ast-site-content-layout":"full-width-container","site-content-style":"default","site-sidebar-style":"default","ast-global-header-display":"","ast-banner-title-visibility":"","ast-main-header-display":"","ast-hfb-above-header-display":"","ast-hfb-below-header-display":"","ast-hfb-mobile-header-display":"","site-post-title":"disabled","ast-breadcrumbs-content":"","ast-featured-img":"disabled","footer-sml-layout":"","ast-disable-related-posts":"","theme-transparent-header-meta":"","adv-header-id-meta":"","stick-header-meta":"","header-above-stick-meta":"","header-main-stick-meta":"","header-below-stick-meta":"","astra-migrate-meta-layouts":"default","ast-page-background-enabled":"default","ast-page-background-meta":{"desktop":{"background-color":"var(--ast-global-color-5)","background-image":"","background-repeat":"repeat","background-position":"center center","background-size":"auto","background-attachment":"scroll","background-type":"","background-media":"","overlay-type":"","overlay-color":"","overlay-opacity":"","overlay-gradient":""},"tablet":{"background-color":"","background-image":"","background-repeat":"repeat","background-position":"center center","background-size":"auto","background-attachment":"scroll","background-type":"","background-media":"","overlay-type":"","overlay-color":"","overlay-opacity":"","overlay-gradient":""},"mobile":{"background-color":"","background-image":"","background-repeat":"repeat","background-position":"center center","background-size":"auto","background-attachment":"scroll","background-type":"","background-media":"","overlay-type":"","overlay-color":"","overlay-opacity":"","overlay-gradient":""}},"ast-content-background-meta":{"desktop":{"background-color":"var(--ast-global-color-4)","background-image":"","background-repeat":"repeat","background-position":"center center","background-size":"auto","background-attachment":"scroll","background-type":"","background-media":"","overlay-type":"","overlay-color":"","overlay-opacity":"","overlay-gradient":""},"tablet":{"background-color":"var(--ast-global-color-4)","background-image":"","background-repeat":"repeat","background-position":"center center","background-size":"auto","background-attachment":"scroll","background-type":"","background-media":"","overlay-type":"","overlay-color":"","overlay-opacity":"","overlay-gradient":""},"mobile":{"background-color":"var(--ast-global-color-4)","background-image":"","background-repeat":"repeat","background-position":"center center","background-size":"auto","background-attachment":"scroll","background-type":"","background-media":"","overlay-type":"","overlay-color":"","overlay-opacity":"","overlay-gradient":""}},"footnotes":""},"class_list":["post-4059","page","type-page","status-publish","hentry"],"acf":[],"yoast_head":"<!-- This site is optimized with the Yoast SEO plugin v27.4 - https:\/\/yoast.com\/product\/yoast-seo-wordpress\/ -->\n<title>Serveis - Custom sailing CB, Lloguer embarcacions Costa Brava<\/title>\n<meta name=\"robots\" content=\"index, follow, max-snippet:-1, max-image-preview:large, max-video-preview:-1\" \/>\n<link rel=\"canonical\" href=\"https:\/\/customsailingcb.com\/ca\/serveis\/\" \/>\n<meta property=\"og:locale\" content=\"ca_ES\" \/>\n<meta property=\"og:type\" content=\"article\" \/>\n<meta property=\"og:title\" content=\"Serveis - Custom sailing CB, Lloguer embarcacions Costa Brava\" \/>\n<meta property=\"og:description\" content=\"Serveis Manteniment d&#8217;embarcacions La vostra embarcaci\u00f3 al dia durant tot l&#8217;any. + INFO Serveis per a iots La nostra experi\u00e8ncia de m\u00e9s de 20 anys treballant al sector de la n\u00e0utica. + INFO Gesti\u00f3 d&#8217;embarcacions x\u00e0rter Ens encarreguem de la gesti\u00f3 del lloguer de la seva embarcaci\u00f3 i estalviareu en despeses. + INFO Oportunitats d&#8217;inversi\u00f3 [&hellip;]\" \/>\n<meta property=\"og:url\" content=\"https:\/\/customsailingcb.com\/ca\/serveis\/\" \/>\n<meta property=\"og:site_name\" content=\"Custom sailing CB, Lloguer embarcacions Costa Brava\" \/>\n<meta property=\"article:publisher\" content=\"https:\/\/www.facebook.com\/customsailingcostabrava\" \/>\n<meta property=\"article:modified_time\" content=\"2025-03-12T08:10:20+00:00\" \/>\n<meta name=\"twitter:card\" content=\"summary_large_image\" \/>\n<script type=\"application\/ld+json\" class=\"yoast-schema-graph\">{\"@context\":\"https:\\\/\\\/schema.org\",\"@graph\":[{\"@type\":\"WebPage\",\"@id\":\"https:\\\/\\\/customsailingcb.com\\\/ca\\\/serveis\\\/\",\"url\":\"https:\\\/\\\/customsailingcb.com\\\/ca\\\/serveis\\\/\",\"name\":\"Serveis - Custom sailing CB, Lloguer embarcacions Costa Brava\",\"isPartOf\":{\"@id\":\"https:\\\/\\\/customsailingcb.com\\\/ca\\\/#website\"},\"datePublished\":\"2025-01-27T16:12:36+00:00\",\"dateModified\":\"2025-03-12T08:10:20+00:00\",\"breadcrumb\":{\"@id\":\"https:\\\/\\\/customsailingcb.com\\\/ca\\\/serveis\\\/#breadcrumb\"},\"inLanguage\":\"ca\",\"potentialAction\":[{\"@type\":\"ReadAction\",\"target\":[\"https:\\\/\\\/customsailingcb.com\\\/ca\\\/serveis\\\/\"]}]},{\"@type\":\"BreadcrumbList\",\"@id\":\"https:\\\/\\\/customsailingcb.com\\\/ca\\\/serveis\\\/#breadcrumb\",\"itemListElement\":[{\"@type\":\"ListItem\",\"position\":1,\"name\":\"Inicio\",\"item\":\"https:\\\/\\\/customsailingcb.com\\\/ca\\\/\"},{\"@type\":\"ListItem\",\"position\":2,\"name\":\"Serveis\"}]},{\"@type\":\"WebSite\",\"@id\":\"https:\\\/\\\/customsailingcb.com\\\/ca\\\/#website\",\"url\":\"https:\\\/\\\/customsailingcb.com\\\/ca\\\/\",\"name\":\"Custom Sailing CB\",\"description\":\"Lloguer embarcacions Costa Brava\",\"publisher\":{\"@id\":\"https:\\\/\\\/customsailingcb.com\\\/ca\\\/#organization\"},\"alternateName\":\"CustomSailingCB.com\",\"potentialAction\":[{\"@type\":\"SearchAction\",\"target\":{\"@type\":\"EntryPoint\",\"urlTemplate\":\"https:\\\/\\\/customsailingcb.com\\\/ca\\\/?s={search_term_string}\"},\"query-input\":{\"@type\":\"PropertyValueSpecification\",\"valueRequired\":true,\"valueName\":\"search_term_string\"}}],\"inLanguage\":\"ca\"},{\"@type\":\"Organization\",\"@id\":\"https:\\\/\\\/customsailingcb.com\\\/ca\\\/#organization\",\"name\":\"Custom Sailing CB\",\"alternateName\":\"Custom Sailing Costa Brava\",\"url\":\"https:\\\/\\\/customsailingcb.com\\\/ca\\\/\",\"logo\":{\"@type\":\"ImageObject\",\"inLanguage\":\"ca\",\"@id\":\"https:\\\/\\\/customsailingcb.com\\\/ca\\\/#\\\/schema\\\/logo\\\/image\\\/\",\"url\":\"https:\\\/\\\/www.customsailingcb.com\\\/wp-content\\\/uploads\\\/2025\\\/01\\\/Logo_customsailing-scaled.webp\",\"contentUrl\":\"https:\\\/\\\/www.customsailingcb.com\\\/wp-content\\\/uploads\\\/2025\\\/01\\\/Logo_customsailing-scaled.webp\",\"width\":2560,\"height\":1085,\"caption\":\"Custom Sailing CB\"},\"image\":{\"@id\":\"https:\\\/\\\/customsailingcb.com\\\/ca\\\/#\\\/schema\\\/logo\\\/image\\\/\"},\"sameAs\":[\"https:\\\/\\\/www.facebook.com\\\/customsailingcostabrava\",\"https:\\\/\\\/www.instagram.com\\\/customsailing\\\/\"]}]}<\/script>\n<!-- \/ Yoast SEO plugin. -->","yoast_head_json":{"title":"Serveis - Custom sailing CB, Lloguer embarcacions Costa Brava","robots":{"index":"index","follow":"follow","max-snippet":"max-snippet:-1","max-image-preview":"max-image-preview:large","max-video-preview":"max-video-preview:-1"},"canonical":"https:\/\/customsailingcb.com\/ca\/serveis\/","og_locale":"ca_ES","og_type":"article","og_title":"Serveis - Custom sailing CB, Lloguer embarcacions Costa Brava","og_description":"Serveis Manteniment d&#8217;embarcacions La vostra embarcaci\u00f3 al dia durant tot l&#8217;any. + INFO Serveis per a iots La nostra experi\u00e8ncia de m\u00e9s de 20 anys treballant al sector de la n\u00e0utica. + INFO Gesti\u00f3 d&#8217;embarcacions x\u00e0rter Ens encarreguem de la gesti\u00f3 del lloguer de la seva embarcaci\u00f3 i estalviareu en despeses. + INFO Oportunitats d&#8217;inversi\u00f3 [&hellip;]","og_url":"https:\/\/customsailingcb.com\/ca\/serveis\/","og_site_name":"Custom sailing CB, Lloguer embarcacions Costa Brava","article_publisher":"https:\/\/www.facebook.com\/customsailingcostabrava","article_modified_time":"2025-03-12T08:10:20+00:00","twitter_card":"summary_large_image","schema":{"@context":"https:\/\/schema.org","@graph":[{"@type":"WebPage","@id":"https:\/\/customsailingcb.com\/ca\/serveis\/","url":"https:\/\/customsailingcb.com\/ca\/serveis\/","name":"Serveis - Custom sailing CB, Lloguer embarcacions Costa Brava","isPartOf":{"@id":"https:\/\/customsailingcb.com\/ca\/#website"},"datePublished":"2025-01-27T16:12:36+00:00","dateModified":"2025-03-12T08:10:20+00:00","breadcrumb":{"@id":"https:\/\/customsailingcb.com\/ca\/serveis\/#breadcrumb"},"inLanguage":"ca","potentialAction":[{"@type":"ReadAction","target":["https:\/\/customsailingcb.com\/ca\/serveis\/"]}]},{"@type":"BreadcrumbList","@id":"https:\/\/customsailingcb.com\/ca\/serveis\/#breadcrumb","itemListElement":[{"@type":"ListItem","position":1,"name":"Inicio","item":"https:\/\/customsailingcb.com\/ca\/"},{"@type":"ListItem","position":2,"name":"Serveis"}]},{"@type":"WebSite","@id":"https:\/\/customsailingcb.com\/ca\/#website","url":"https:\/\/customsailingcb.com\/ca\/","name":"Custom Sailing CB","description":"Lloguer embarcacions Costa Brava","publisher":{"@id":"https:\/\/customsailingcb.com\/ca\/#organization"},"alternateName":"CustomSailingCB.com","potentialAction":[{"@type":"SearchAction","target":{"@type":"EntryPoint","urlTemplate":"https:\/\/customsailingcb.com\/ca\/?s={search_term_string}"},"query-input":{"@type":"PropertyValueSpecification","valueRequired":true,"valueName":"search_term_string"}}],"inLanguage":"ca"},{"@type":"Organization","@id":"https:\/\/customsailingcb.com\/ca\/#organization","name":"Custom Sailing CB","alternateName":"Custom Sailing Costa Brava","url":"https:\/\/customsailingcb.com\/ca\/","logo":{"@type":"ImageObject","inLanguage":"ca","@id":"https:\/\/customsailingcb.com\/ca\/#\/schema\/logo\/image\/","url":"https:\/\/www.customsailingcb.com\/wp-content\/uploads\/2025\/01\/Logo_customsailing-scaled.webp","contentUrl":"https:\/\/www.customsailingcb.com\/wp-content\/uploads\/2025\/01\/Logo_customsailing-scaled.webp","width":2560,"height":1085,"caption":"Custom Sailing CB"},"image":{"@id":"https:\/\/customsailingcb.com\/ca\/#\/schema\/logo\/image\/"},"sameAs":["https:\/\/www.facebook.com\/customsailingcostabrava","https:\/\/www.instagram.com\/customsailing\/"]}]}},"_links":{"self":[{"href":"https:\/\/customsailingcb.com\/ca\/wp-json\/wp\/v2\/pages\/4059","targetHints":{"allow":["GET"]}}],"collection":[{"href":"https:\/\/customsailingcb.com\/ca\/wp-json\/wp\/v2\/pages"}],"about":[{"href":"https:\/\/customsailingcb.com\/ca\/wp-json\/wp\/v2\/types\/page"}],"author":[{"embeddable":true,"href":"https:\/\/customsailingcb.com\/ca\/wp-json\/wp\/v2\/users\/2"}],"replies":[{"embeddable":true,"href":"https:\/\/customsailingcb.com\/ca\/wp-json\/wp\/v2\/comments?post=4059"}],"version-history":[{"count":0,"href":"https:\/\/customsailingcb.com\/ca\/wp-json\/wp\/v2\/pages\/4059\/revisions"}],"wp:attachment":[{"href":"https:\/\/customsailingcb.com\/ca\/wp-json\/wp\/v2\/media?parent=4059"}],"curies":[{"name":"wp","href":"https:\/\/api.w.org\/{rel}","templated":true}]}}