{"id":177,"date":"2023-02-14T11:10:44","date_gmt":"2023-02-14T11:10:44","guid":{"rendered":"https:\/\/customsailingcb.com\/?post_type=product&#038;p=177"},"modified":"2025-10-22T15:03:36","modified_gmt":"2025-10-22T15:03:36","slug":"beneteau-first-50-4","status":"publish","type":"product","link":"https:\/\/customsailingcb.com\/ca\/flota\/beneteau-first-50-4\/","title":{"rendered":"Beneteau First 50"},"content":{"rendered":"","protected":false},"excerpt":{"rendered":"<p>Eleg\u00e0ncia i alt rendiment en estat pur. Com a germ\u00e0 gran de la gamma creuer-regata de les drassanes Beneteau, el First 50 combina el disseny sofisticat amb un gran nivell d&#8217;equipament, que el converteixen en un iot a vela r\u00e0pid, sense renunciar al confort. \u00c9s un 50 peus d&#8217;alt nivell amb un llarg pal de color negre i una pronunciada quilla torpede. Una banyera \u00e0mplia i oberta amb dues rodes de tim\u00f3 per facilitar maniobres, uns winches dimensionats de control el\u00e8ctric per a un c\u00f2mode hissat i trimat d&#8217;espelmes, aparell de vareta complex amb contra i backstay de control hidr\u00e0ulic de gran precisi\u00f3. Gr\u00e0cies a les seves caracter\u00edstiques, \u00e9s un veler f\u00e0cilment navegable amb una tripulaci\u00f3 redu\u00efda i alhora permet una navegaci\u00f3 d&#8217;alt rendiment i amb estil amb un equip de competici\u00f3. La coberta \u00e0mplia i neta, la superf\u00edcie integral de teca, i el gran sol\u00e0rium amb coixins sobre la cabina ofereixen als convidats el goig de gaudir de l\u00b4entorn mar\u00ed amb un alt nivell de confortabilitat. Per descobrir les cales i racons m\u00e9s remots de la costa, disposa com a complements del dinghy, material de snorkeling, p\u00e0del surf i scooter mar\u00ed. Amb un sistema electr\u00f2nic de navegaci\u00f3 de darrera generaci\u00f3 adquirit recentment, resulta un vaixell molt competitiu per a regates i extremadament pr\u00e0ctic per a la navegaci\u00f3 en travesses de llarga dist\u00e0ncia amb total seguretat.<\/p>\n","protected":false},"featured_media":178,"template":"","meta":{"_acf_changed":false,"site-sidebar-layout":"no-sidebar","site-content-layout":"","ast-site-content-layout":"full-width-container","site-content-style":"default","site-sidebar-style":"default","ast-global-header-display":"","ast-banner-title-visibility":"","ast-main-header-display":"","ast-hfb-above-header-display":"","ast-hfb-below-header-display":"","ast-hfb-mobile-header-display":"","site-post-title":"disabled","ast-breadcrumbs-content":"","ast-featured-img":"disabled","footer-sml-layout":"","ast-disable-related-posts":"","theme-transparent-header-meta":"default","adv-header-id-meta":"","stick-header-meta":"","header-above-stick-meta":"","header-main-stick-meta":"","header-below-stick-meta":"","astra-migrate-meta-layouts":"set","ast-page-background-enabled":"default","ast-page-background-meta":{"desktop":{"background-color":"var(--ast-global-color-5)","background-image":"","background-repeat":"repeat","background-position":"center center","background-size":"auto","background-attachment":"scroll","background-type":"","background-media":"","overlay-type":"","overlay-color":"","overlay-opacity":"","overlay-gradient":""},"tablet":{"background-color":"","background-image":"","background-repeat":"repeat","background-position":"center center","background-size":"auto","background-attachment":"scroll","background-type":"","background-media":"","overlay-type":"","overlay-color":"","overlay-opacity":"","overlay-gradient":""},"mobile":{"background-color":"","background-image":"","background-repeat":"repeat","background-position":"center center","background-size":"auto","background-attachment":"scroll","background-type":"","background-media":"","overlay-type":"","overlay-color":"","overlay-opacity":"","overlay-gradient":""}},"ast-content-background-meta":{"desktop":{"background-color":"var(--ast-global-color-4)","background-image":"","background-repeat":"repeat","background-position":"center center","background-size":"auto","background-attachment":"scroll","background-type":"","background-media":"","overlay-type":"","overlay-color":"","overlay-opacity":"","overlay-gradient":""},"tablet":{"background-color":"var(--ast-global-color-4)","background-image":"","background-repeat":"repeat","background-position":"center center","background-size":"auto","background-attachment":"scroll","background-type":"","background-media":"","overlay-type":"","overlay-color":"","overlay-opacity":"","overlay-gradient":""},"mobile":{"background-color":"var(--ast-global-color-4)","background-image":"","background-repeat":"repeat","background-position":"center center","background-size":"auto","background-attachment":"scroll","background-type":"","background-media":"","overlay-type":"","overlay-color":"","overlay-opacity":"","overlay-gradient":""}}},"product_brand":[],"product_cat":[94,109],"product_tag":[137],"class_list":{"0":"post-177","1":"product","2":"type-product","3":"status-publish","4":"has-post-thumbnail","6":"product_cat-flota-ca-2","7":"product_cat-veler","8":"product_tag-nadir-ca","9":"desktop-align-left","10":"tablet-align-left","11":"mobile-align-left","13":"first","14":"instock","15":"virtual","16":"purchasable","17":"product-type-simple"},"acf":[],"yoast_head":"<!-- This site is optimized with the Yoast SEO plugin v27.4 - https:\/\/yoast.com\/product\/yoast-seo-wordpress\/ -->\n<title>Beneteau First 50 - Custom sailing CB, Lloguer embarcacions Costa Brava<\/title>\n<meta name=\"robots\" content=\"index, follow, max-snippet:-1, max-image-preview:large, max-video-preview:-1\" \/>\n<link rel=\"canonical\" href=\"https:\/\/customsailingcb.com\/ca\/flota\/beneteau-first-50-4\/\" \/>\n<meta property=\"og:locale\" content=\"ca_ES\" \/>\n<meta property=\"og:type\" content=\"article\" \/>\n<meta property=\"og:title\" content=\"Beneteau First 50 - Custom sailing CB, Lloguer embarcacions Costa Brava\" \/>\n<meta property=\"og:description\" content=\"Eleg\u00e0ncia i alt rendiment en estat pur. Com a germ\u00e0 gran de la gamma creuer-regata de les drassanes Beneteau, el First 50 combina el disseny sofisticat amb un gran nivell d&#039;equipament, que el converteixen en un iot a vela r\u00e0pid, sense renunciar al confort. \u00c9s un 50 peus d&#039;alt nivell amb un llarg pal de color negre i una pronunciada quilla torpede. Una banyera \u00e0mplia i oberta amb dues rodes de tim\u00f3 per facilitar maniobres, uns winches dimensionats de control el\u00e8ctric per a un c\u00f2mode hissat i trimat d&#039;espelmes, aparell de vareta complex amb contra i backstay de control hidr\u00e0ulic de gran precisi\u00f3. Gr\u00e0cies a les seves caracter\u00edstiques, \u00e9s un veler f\u00e0cilment navegable amb una tripulaci\u00f3 redu\u00efda i alhora permet una navegaci\u00f3 d&#039;alt rendiment i amb estil amb un equip de competici\u00f3. La coberta \u00e0mplia i neta, la superf\u00edcie integral de teca, i el gran sol\u00e0rium amb coixins sobre la cabina ofereixen als convidats el goig de gaudir de l\u00b4entorn mar\u00ed amb un alt nivell de confortabilitat. Per descobrir les cales i racons m\u00e9s remots de la costa, disposa com a complements del dinghy, material de snorkeling, p\u00e0del surf i scooter mar\u00ed. Amb un sistema electr\u00f2nic de navegaci\u00f3 de darrera generaci\u00f3 adquirit recentment, resulta un vaixell molt competitiu per a regates i extremadament pr\u00e0ctic per a la navegaci\u00f3 en travesses de llarga dist\u00e0ncia amb total seguretat.\" \/>\n<meta property=\"og:url\" content=\"https:\/\/customsailingcb.com\/ca\/flota\/beneteau-first-50-4\/\" \/>\n<meta property=\"og:site_name\" content=\"Custom sailing CB, Lloguer embarcacions Costa Brava\" \/>\n<meta property=\"article:publisher\" content=\"https:\/\/www.facebook.com\/customsailingcostabrava\" \/>\n<meta property=\"article:modified_time\" content=\"2025-10-22T15:03:36+00:00\" \/>\n<meta property=\"og:image\" content=\"https:\/\/customsailingcb.com\/wp-content\/uploads\/2023\/05\/products-150-3.jpg\" \/>\n\t<meta property=\"og:image:width\" content=\"1000\" \/>\n\t<meta property=\"og:image:height\" content=\"650\" \/>\n\t<meta property=\"og:image:type\" content=\"image\/jpeg\" \/>\n<meta name=\"twitter:card\" content=\"summary_large_image\" \/>\n<meta name=\"twitter:label1\" content=\"Temps estimat de lectura\" \/>\n\t<meta name=\"twitter:data1\" content=\"1 minut\" \/>\n<script type=\"application\/ld+json\" class=\"yoast-schema-graph\">{\"@context\":\"https:\\\/\\\/schema.org\",\"@graph\":[{\"@type\":\"WebPage\",\"@id\":\"https:\\\/\\\/customsailingcb.com\\\/ca\\\/flota\\\/beneteau-first-50-4\\\/\",\"url\":\"https:\\\/\\\/customsailingcb.com\\\/ca\\\/flota\\\/beneteau-first-50-4\\\/\",\"name\":\"Beneteau First 50 - Custom sailing CB, Lloguer embarcacions Costa Brava\",\"isPartOf\":{\"@id\":\"https:\\\/\\\/customsailingcb.com\\\/ca\\\/#website\"},\"primaryImageOfPage\":{\"@id\":\"https:\\\/\\\/customsailingcb.com\\\/ca\\\/flota\\\/beneteau-first-50-4\\\/#primaryimage\"},\"image\":{\"@id\":\"https:\\\/\\\/customsailingcb.com\\\/ca\\\/flota\\\/beneteau-first-50-4\\\/#primaryimage\"},\"thumbnailUrl\":\"https:\\\/\\\/customsailingcb.com\\\/wp-content\\\/uploads\\\/2023\\\/05\\\/products-150-3.jpg\",\"datePublished\":\"2023-02-14T11:10:44+00:00\",\"dateModified\":\"2025-10-22T15:03:36+00:00\",\"breadcrumb\":{\"@id\":\"https:\\\/\\\/customsailingcb.com\\\/ca\\\/flota\\\/beneteau-first-50-4\\\/#breadcrumb\"},\"inLanguage\":\"ca\",\"potentialAction\":[{\"@type\":\"ReadAction\",\"target\":[\"https:\\\/\\\/customsailingcb.com\\\/ca\\\/flota\\\/beneteau-first-50-4\\\/\"]}]},{\"@type\":\"ImageObject\",\"inLanguage\":\"ca\",\"@id\":\"https:\\\/\\\/customsailingcb.com\\\/ca\\\/flota\\\/beneteau-first-50-4\\\/#primaryimage\",\"url\":\"https:\\\/\\\/customsailingcb.com\\\/wp-content\\\/uploads\\\/2023\\\/05\\\/products-150-3.jpg\",\"contentUrl\":\"https:\\\/\\\/customsailingcb.com\\\/wp-content\\\/uploads\\\/2023\\\/05\\\/products-150-3.jpg\",\"width\":1000,\"height\":650,\"caption\":\"Beneteau First 50\"},{\"@type\":\"BreadcrumbList\",\"@id\":\"https:\\\/\\\/customsailingcb.com\\\/ca\\\/flota\\\/beneteau-first-50-4\\\/#breadcrumb\",\"itemListElement\":[{\"@type\":\"ListItem\",\"position\":1,\"name\":\"Inicio\",\"item\":\"https:\\\/\\\/customsailingcb.com\\\/ca\\\/\"},{\"@type\":\"ListItem\",\"position\":2,\"name\":\"Productes\",\"item\":\"https:\\\/\\\/customsailingcb.com\\\/ca\\\/shop\\\/\"},{\"@type\":\"ListItem\",\"position\":3,\"name\":\"Beneteau First 50\"}]},{\"@type\":\"WebSite\",\"@id\":\"https:\\\/\\\/customsailingcb.com\\\/ca\\\/#website\",\"url\":\"https:\\\/\\\/customsailingcb.com\\\/ca\\\/\",\"name\":\"Custom Sailing CB\",\"description\":\"Lloguer embarcacions Costa Brava\",\"publisher\":{\"@id\":\"https:\\\/\\\/customsailingcb.com\\\/ca\\\/#organization\"},\"alternateName\":\"CustomSailingCB.com\",\"potentialAction\":[{\"@type\":\"SearchAction\",\"target\":{\"@type\":\"EntryPoint\",\"urlTemplate\":\"https:\\\/\\\/customsailingcb.com\\\/ca\\\/?s={search_term_string}\"},\"query-input\":{\"@type\":\"PropertyValueSpecification\",\"valueRequired\":true,\"valueName\":\"search_term_string\"}}],\"inLanguage\":\"ca\"},{\"@type\":\"Organization\",\"@id\":\"https:\\\/\\\/customsailingcb.com\\\/ca\\\/#organization\",\"name\":\"Custom Sailing CB\",\"alternateName\":\"Custom Sailing Costa Brava\",\"url\":\"https:\\\/\\\/customsailingcb.com\\\/ca\\\/\",\"logo\":{\"@type\":\"ImageObject\",\"inLanguage\":\"ca\",\"@id\":\"https:\\\/\\\/customsailingcb.com\\\/ca\\\/#\\\/schema\\\/logo\\\/image\\\/\",\"url\":\"https:\\\/\\\/www.customsailingcb.com\\\/wp-content\\\/uploads\\\/2025\\\/01\\\/Logo_customsailing-scaled.webp\",\"contentUrl\":\"https:\\\/\\\/www.customsailingcb.com\\\/wp-content\\\/uploads\\\/2025\\\/01\\\/Logo_customsailing-scaled.webp\",\"width\":2560,\"height\":1085,\"caption\":\"Custom Sailing CB\"},\"image\":{\"@id\":\"https:\\\/\\\/customsailingcb.com\\\/ca\\\/#\\\/schema\\\/logo\\\/image\\\/\"},\"sameAs\":[\"https:\\\/\\\/www.facebook.com\\\/customsailingcostabrava\",\"https:\\\/\\\/www.instagram.com\\\/customsailing\\\/\"]}]}<\/script>\n<!-- \/ Yoast SEO plugin. -->","yoast_head_json":{"title":"Beneteau First 50 - Custom sailing CB, Lloguer embarcacions Costa Brava","robots":{"index":"index","follow":"follow","max-snippet":"max-snippet:-1","max-image-preview":"max-image-preview:large","max-video-preview":"max-video-preview:-1"},"canonical":"https:\/\/customsailingcb.com\/ca\/flota\/beneteau-first-50-4\/","og_locale":"ca_ES","og_type":"article","og_title":"Beneteau First 50 - Custom sailing CB, Lloguer embarcacions Costa Brava","og_description":"Eleg\u00e0ncia i alt rendiment en estat pur. Com a germ\u00e0 gran de la gamma creuer-regata de les drassanes Beneteau, el First 50 combina el disseny sofisticat amb un gran nivell d'equipament, que el converteixen en un iot a vela r\u00e0pid, sense renunciar al confort. \u00c9s un 50 peus d'alt nivell amb un llarg pal de color negre i una pronunciada quilla torpede. Una banyera \u00e0mplia i oberta amb dues rodes de tim\u00f3 per facilitar maniobres, uns winches dimensionats de control el\u00e8ctric per a un c\u00f2mode hissat i trimat d'espelmes, aparell de vareta complex amb contra i backstay de control hidr\u00e0ulic de gran precisi\u00f3. Gr\u00e0cies a les seves caracter\u00edstiques, \u00e9s un veler f\u00e0cilment navegable amb una tripulaci\u00f3 redu\u00efda i alhora permet una navegaci\u00f3 d'alt rendiment i amb estil amb un equip de competici\u00f3. La coberta \u00e0mplia i neta, la superf\u00edcie integral de teca, i el gran sol\u00e0rium amb coixins sobre la cabina ofereixen als convidats el goig de gaudir de l\u00b4entorn mar\u00ed amb un alt nivell de confortabilitat. Per descobrir les cales i racons m\u00e9s remots de la costa, disposa com a complements del dinghy, material de snorkeling, p\u00e0del surf i scooter mar\u00ed. Amb un sistema electr\u00f2nic de navegaci\u00f3 de darrera generaci\u00f3 adquirit recentment, resulta un vaixell molt competitiu per a regates i extremadament pr\u00e0ctic per a la navegaci\u00f3 en travesses de llarga dist\u00e0ncia amb total seguretat.","og_url":"https:\/\/customsailingcb.com\/ca\/flota\/beneteau-first-50-4\/","og_site_name":"Custom sailing CB, Lloguer embarcacions Costa Brava","article_publisher":"https:\/\/www.facebook.com\/customsailingcostabrava","article_modified_time":"2025-10-22T15:03:36+00:00","og_image":[{"width":1000,"height":650,"url":"https:\/\/customsailingcb.com\/wp-content\/uploads\/2023\/05\/products-150-3.jpg","type":"image\/jpeg"}],"twitter_card":"summary_large_image","twitter_misc":{"Temps estimat de lectura":"1 minut"},"schema":{"@context":"https:\/\/schema.org","@graph":[{"@type":"WebPage","@id":"https:\/\/customsailingcb.com\/ca\/flota\/beneteau-first-50-4\/","url":"https:\/\/customsailingcb.com\/ca\/flota\/beneteau-first-50-4\/","name":"Beneteau First 50 - Custom sailing CB, Lloguer embarcacions Costa Brava","isPartOf":{"@id":"https:\/\/customsailingcb.com\/ca\/#website"},"primaryImageOfPage":{"@id":"https:\/\/customsailingcb.com\/ca\/flota\/beneteau-first-50-4\/#primaryimage"},"image":{"@id":"https:\/\/customsailingcb.com\/ca\/flota\/beneteau-first-50-4\/#primaryimage"},"thumbnailUrl":"https:\/\/customsailingcb.com\/wp-content\/uploads\/2023\/05\/products-150-3.jpg","datePublished":"2023-02-14T11:10:44+00:00","dateModified":"2025-10-22T15:03:36+00:00","breadcrumb":{"@id":"https:\/\/customsailingcb.com\/ca\/flota\/beneteau-first-50-4\/#breadcrumb"},"inLanguage":"ca","potentialAction":[{"@type":"ReadAction","target":["https:\/\/customsailingcb.com\/ca\/flota\/beneteau-first-50-4\/"]}]},{"@type":"ImageObject","inLanguage":"ca","@id":"https:\/\/customsailingcb.com\/ca\/flota\/beneteau-first-50-4\/#primaryimage","url":"https:\/\/customsailingcb.com\/wp-content\/uploads\/2023\/05\/products-150-3.jpg","contentUrl":"https:\/\/customsailingcb.com\/wp-content\/uploads\/2023\/05\/products-150-3.jpg","width":1000,"height":650,"caption":"Beneteau First 50"},{"@type":"BreadcrumbList","@id":"https:\/\/customsailingcb.com\/ca\/flota\/beneteau-first-50-4\/#breadcrumb","itemListElement":[{"@type":"ListItem","position":1,"name":"Inicio","item":"https:\/\/customsailingcb.com\/ca\/"},{"@type":"ListItem","position":2,"name":"Productes","item":"https:\/\/customsailingcb.com\/ca\/shop\/"},{"@type":"ListItem","position":3,"name":"Beneteau First 50"}]},{"@type":"WebSite","@id":"https:\/\/customsailingcb.com\/ca\/#website","url":"https:\/\/customsailingcb.com\/ca\/","name":"Custom Sailing CB","description":"Lloguer embarcacions Costa Brava","publisher":{"@id":"https:\/\/customsailingcb.com\/ca\/#organization"},"alternateName":"CustomSailingCB.com","potentialAction":[{"@type":"SearchAction","target":{"@type":"EntryPoint","urlTemplate":"https:\/\/customsailingcb.com\/ca\/?s={search_term_string}"},"query-input":{"@type":"PropertyValueSpecification","valueRequired":true,"valueName":"search_term_string"}}],"inLanguage":"ca"},{"@type":"Organization","@id":"https:\/\/customsailingcb.com\/ca\/#organization","name":"Custom Sailing CB","alternateName":"Custom Sailing Costa Brava","url":"https:\/\/customsailingcb.com\/ca\/","logo":{"@type":"ImageObject","inLanguage":"ca","@id":"https:\/\/customsailingcb.com\/ca\/#\/schema\/logo\/image\/","url":"https:\/\/www.customsailingcb.com\/wp-content\/uploads\/2025\/01\/Logo_customsailing-scaled.webp","contentUrl":"https:\/\/www.customsailingcb.com\/wp-content\/uploads\/2025\/01\/Logo_customsailing-scaled.webp","width":2560,"height":1085,"caption":"Custom Sailing CB"},"image":{"@id":"https:\/\/customsailingcb.com\/ca\/#\/schema\/logo\/image\/"},"sameAs":["https:\/\/www.facebook.com\/customsailingcostabrava","https:\/\/www.instagram.com\/customsailing\/"]}]}},"_links":{"self":[{"href":"https:\/\/customsailingcb.com\/ca\/wp-json\/wp\/v2\/product\/177","targetHints":{"allow":["GET"]}}],"collection":[{"href":"https:\/\/customsailingcb.com\/ca\/wp-json\/wp\/v2\/product"}],"about":[{"href":"https:\/\/customsailingcb.com\/ca\/wp-json\/wp\/v2\/types\/product"}],"version-history":[{"count":0,"href":"https:\/\/customsailingcb.com\/ca\/wp-json\/wp\/v2\/product\/177\/revisions"}],"wp:featuredmedia":[{"embeddable":true,"href":"https:\/\/customsailingcb.com\/ca\/wp-json\/wp\/v2\/media\/178"}],"wp:attachment":[{"href":"https:\/\/customsailingcb.com\/ca\/wp-json\/wp\/v2\/media?parent=177"}],"wp:term":[{"taxonomy":"product_brand","embeddable":true,"href":"https:\/\/customsailingcb.com\/ca\/wp-json\/wp\/v2\/product_brand?post=177"},{"taxonomy":"product_cat","embeddable":true,"href":"https:\/\/customsailingcb.com\/ca\/wp-json\/wp\/v2\/product_cat?post=177"},{"taxonomy":"product_tag","embeddable":true,"href":"https:\/\/customsailingcb.com\/ca\/wp-json\/wp\/v2\/product_tag?post=177"}],"curies":[{"name":"wp","href":"https:\/\/api.w.org\/{rel}","templated":true}]}}