{"id":3772,"date":"2025-03-10T16:05:06","date_gmt":"2025-03-10T16:05:06","guid":{"rendered":"https:\/\/customsailingcb.com\/flota\/invictus-cx-240\/"},"modified":"2025-10-19T19:25:46","modified_gmt":"2025-10-19T19:25:46","slug":"invictus-cx-240","status":"publish","type":"product","link":"https:\/\/customsailingcb.com\/ca\/flota\/invictus-cx-240\/","title":{"rendered":"Invictus CX 240"},"content":{"rendered":"","protected":false},"excerpt":{"rendered":"<p>Per a aquells que vulguin acostar-se a una nova manera de gaudir d&#8217;agradables jornades al mar de la Costa Brava, la nova CX 240 \u00e9s ideal i sorprenent. Aquesta embarcaci\u00f3 de bells acabats est\u00e0 dissenyada per tancar un concentrat de comoditats i un alt nivell de confort en un espai redu\u00eft. La banyera central est\u00e0 presidida pel seient del pilot, que ofereix un respatller inclinable que actua com a banc orientat cap a popa o, per qu\u00e8 no, com a taula complement\u00e0ria per ser utilitzada amb el sof\u00e0 en forma de \u201cL\u201d. Tamb\u00e9 en aquest cas, la zona de coberta aprofita els generosos volums del casc, permetent albergar una acollidora cabina. El personal color blanc, juntament amb l&#8217;acabat en cuir i acer cromat de la zona de sol\u00e0rium de proa, s\u00f3n el marc per a una representaci\u00f3 exclusiva molt aconseguida de confort absolut i luxe total, sense oblidar les notables prestacions proporcionades pel motor foraborda de 250 CV i pel casc fibr\u00f3s, per\u00f2 sempre segur, de disseny \u00fanic.<\/p>\n","protected":false},"featured_media":3764,"template":"","meta":{"_acf_changed":false,"site-sidebar-layout":"default","site-content-layout":"","ast-site-content-layout":"default","site-content-style":"default","site-sidebar-style":"default","ast-global-header-display":"","ast-banner-title-visibility":"","ast-main-header-display":"","ast-hfb-above-header-display":"","ast-hfb-below-header-display":"","ast-hfb-mobile-header-display":"","site-post-title":"","ast-breadcrumbs-content":"","ast-featured-img":"","footer-sml-layout":"","ast-disable-related-posts":"","theme-transparent-header-meta":"default","adv-header-id-meta":"","stick-header-meta":"","header-above-stick-meta":"","header-main-stick-meta":"","header-below-stick-meta":"","astra-migrate-meta-layouts":"set","ast-page-background-enabled":"default","ast-page-background-meta":{"desktop":{"background-color":"var(--ast-global-color-5)","background-image":"","background-repeat":"repeat","background-position":"center center","background-size":"auto","background-attachment":"scroll","background-type":"","background-media":"","overlay-type":"","overlay-color":"","overlay-opacity":"","overlay-gradient":""},"tablet":{"background-color":"","background-image":"","background-repeat":"repeat","background-position":"center center","background-size":"auto","background-attachment":"scroll","background-type":"","background-media":"","overlay-type":"","overlay-color":"","overlay-opacity":"","overlay-gradient":""},"mobile":{"background-color":"","background-image":"","background-repeat":"repeat","background-position":"center center","background-size":"auto","background-attachment":"scroll","background-type":"","background-media":"","overlay-type":"","overlay-color":"","overlay-opacity":"","overlay-gradient":""}},"ast-content-background-meta":{"desktop":{"background-color":"var(--ast-global-color-4)","background-image":"","background-repeat":"repeat","background-position":"center center","background-size":"auto","background-attachment":"scroll","background-type":"","background-media":"","overlay-type":"","overlay-color":"","overlay-opacity":"","overlay-gradient":""},"tablet":{"background-color":"var(--ast-global-color-4)","background-image":"","background-repeat":"repeat","background-position":"center center","background-size":"auto","background-attachment":"scroll","background-type":"","background-media":"","overlay-type":"","overlay-color":"","overlay-opacity":"","overlay-gradient":""},"mobile":{"background-color":"var(--ast-global-color-4)","background-image":"","background-repeat":"repeat","background-position":"center center","background-size":"auto","background-attachment":"scroll","background-type":"","background-media":"","overlay-type":"","overlay-color":"","overlay-opacity":"","overlay-gradient":""}}},"product_brand":[],"product_cat":[94,106],"product_tag":[125],"class_list":{"0":"post-3772","1":"product","2":"type-product","3":"status-publish","4":"has-post-thumbnail","6":"product_cat-flota-ca-2","7":"product_cat-motora-ca","8":"product_tag-joker-ca","9":"desktop-align-left","10":"tablet-align-left","11":"mobile-align-left","13":"first","14":"instock","15":"virtual","16":"purchasable","17":"product-type-simple"},"acf":[],"yoast_head":"<!-- This site is optimized with the Yoast SEO plugin v27.4 - https:\/\/yoast.com\/product\/yoast-seo-wordpress\/ -->\n<title>Invictus CX 240 - Custom sailing CB, Lloguer embarcacions Costa Brava<\/title>\n<meta name=\"robots\" content=\"index, follow, max-snippet:-1, max-image-preview:large, max-video-preview:-1\" \/>\n<link rel=\"canonical\" href=\"https:\/\/customsailingcb.com\/ca\/flota\/invictus-cx-240\/\" \/>\n<meta property=\"og:locale\" content=\"ca_ES\" \/>\n<meta property=\"og:type\" content=\"article\" \/>\n<meta property=\"og:title\" content=\"Invictus CX 240 - Custom sailing CB, Lloguer embarcacions Costa Brava\" \/>\n<meta property=\"og:description\" content=\"Per a aquells que vulguin acostar-se a una nova manera de gaudir d&#039;agradables jornades al mar de la Costa Brava, la nova CX 240 \u00e9s ideal i sorprenent. Aquesta embarcaci\u00f3 de bells acabats est\u00e0 dissenyada per tancar un concentrat de comoditats i un alt nivell de confort en un espai redu\u00eft. La banyera central est\u00e0 presidida pel seient del pilot, que ofereix un respatller inclinable que actua com a banc orientat cap a popa o, per qu\u00e8 no, com a taula complement\u00e0ria per ser utilitzada amb el sof\u00e0 en forma de \u201cL\u201d. Tamb\u00e9 en aquest cas, la zona de coberta aprofita els generosos volums del casc, permetent albergar una acollidora cabina. El personal color blanc, juntament amb l&#039;acabat en cuir i acer cromat de la zona de sol\u00e0rium de proa, s\u00f3n el marc per a una representaci\u00f3 exclusiva molt aconseguida de confort absolut i luxe total, sense oblidar les notables prestacions proporcionades pel motor foraborda de 250 CV i pel casc fibr\u00f3s, per\u00f2 sempre segur, de disseny \u00fanic.\" \/>\n<meta property=\"og:url\" content=\"https:\/\/customsailingcb.com\/ca\/flota\/invictus-cx-240\/\" \/>\n<meta property=\"og:site_name\" content=\"Custom sailing CB, Lloguer embarcacions Costa Brava\" \/>\n<meta property=\"article:publisher\" content=\"https:\/\/www.facebook.com\/customsailingcostabrava\" \/>\n<meta property=\"article:modified_time\" content=\"2025-10-19T19:25:46+00:00\" \/>\n<meta property=\"og:image\" content=\"https:\/\/customsailingcb.com\/wp-content\/uploads\/2025\/03\/invictus-yacht-240-cx-21.webp\" \/>\n\t<meta property=\"og:image:width\" content=\"1000\" \/>\n\t<meta property=\"og:image:height\" content=\"650\" \/>\n\t<meta property=\"og:image:type\" content=\"image\/webp\" \/>\n<meta name=\"twitter:card\" content=\"summary_large_image\" \/>\n<meta name=\"twitter:label1\" content=\"Temps estimat de lectura\" \/>\n\t<meta name=\"twitter:data1\" content=\"1 minut\" \/>\n<script type=\"application\/ld+json\" class=\"yoast-schema-graph\">{\"@context\":\"https:\\\/\\\/schema.org\",\"@graph\":[{\"@type\":\"WebPage\",\"@id\":\"https:\\\/\\\/customsailingcb.com\\\/ca\\\/flota\\\/invictus-cx-240\\\/\",\"url\":\"https:\\\/\\\/customsailingcb.com\\\/ca\\\/flota\\\/invictus-cx-240\\\/\",\"name\":\"Invictus CX 240 - Custom sailing CB, Lloguer embarcacions Costa Brava\",\"isPartOf\":{\"@id\":\"https:\\\/\\\/customsailingcb.com\\\/ca\\\/#website\"},\"primaryImageOfPage\":{\"@id\":\"https:\\\/\\\/customsailingcb.com\\\/ca\\\/flota\\\/invictus-cx-240\\\/#primaryimage\"},\"image\":{\"@id\":\"https:\\\/\\\/customsailingcb.com\\\/ca\\\/flota\\\/invictus-cx-240\\\/#primaryimage\"},\"thumbnailUrl\":\"https:\\\/\\\/customsailingcb.com\\\/wp-content\\\/uploads\\\/2025\\\/03\\\/invictus-yacht-240-cx-21.webp\",\"datePublished\":\"2025-03-10T16:05:06+00:00\",\"dateModified\":\"2025-10-19T19:25:46+00:00\",\"breadcrumb\":{\"@id\":\"https:\\\/\\\/customsailingcb.com\\\/ca\\\/flota\\\/invictus-cx-240\\\/#breadcrumb\"},\"inLanguage\":\"ca\",\"potentialAction\":[{\"@type\":\"ReadAction\",\"target\":[\"https:\\\/\\\/customsailingcb.com\\\/ca\\\/flota\\\/invictus-cx-240\\\/\"]}]},{\"@type\":\"ImageObject\",\"inLanguage\":\"ca\",\"@id\":\"https:\\\/\\\/customsailingcb.com\\\/ca\\\/flota\\\/invictus-cx-240\\\/#primaryimage\",\"url\":\"https:\\\/\\\/customsailingcb.com\\\/wp-content\\\/uploads\\\/2025\\\/03\\\/invictus-yacht-240-cx-21.webp\",\"contentUrl\":\"https:\\\/\\\/customsailingcb.com\\\/wp-content\\\/uploads\\\/2025\\\/03\\\/invictus-yacht-240-cx-21.webp\",\"width\":1000,\"height\":650,\"caption\":\"Invictus CX 270 en alquiler navegando por la Costa Brava\"},{\"@type\":\"BreadcrumbList\",\"@id\":\"https:\\\/\\\/customsailingcb.com\\\/ca\\\/flota\\\/invictus-cx-240\\\/#breadcrumb\",\"itemListElement\":[{\"@type\":\"ListItem\",\"position\":1,\"name\":\"Inicio\",\"item\":\"https:\\\/\\\/customsailingcb.com\\\/ca\\\/\"},{\"@type\":\"ListItem\",\"position\":2,\"name\":\"Productes\",\"item\":\"https:\\\/\\\/customsailingcb.com\\\/ca\\\/shop\\\/\"},{\"@type\":\"ListItem\",\"position\":3,\"name\":\"Invictus CX 240\"}]},{\"@type\":\"WebSite\",\"@id\":\"https:\\\/\\\/customsailingcb.com\\\/ca\\\/#website\",\"url\":\"https:\\\/\\\/customsailingcb.com\\\/ca\\\/\",\"name\":\"Custom Sailing CB\",\"description\":\"Lloguer embarcacions Costa Brava\",\"publisher\":{\"@id\":\"https:\\\/\\\/customsailingcb.com\\\/ca\\\/#organization\"},\"alternateName\":\"CustomSailingCB.com\",\"potentialAction\":[{\"@type\":\"SearchAction\",\"target\":{\"@type\":\"EntryPoint\",\"urlTemplate\":\"https:\\\/\\\/customsailingcb.com\\\/ca\\\/?s={search_term_string}\"},\"query-input\":{\"@type\":\"PropertyValueSpecification\",\"valueRequired\":true,\"valueName\":\"search_term_string\"}}],\"inLanguage\":\"ca\"},{\"@type\":\"Organization\",\"@id\":\"https:\\\/\\\/customsailingcb.com\\\/ca\\\/#organization\",\"name\":\"Custom Sailing CB\",\"alternateName\":\"Custom Sailing Costa Brava\",\"url\":\"https:\\\/\\\/customsailingcb.com\\\/ca\\\/\",\"logo\":{\"@type\":\"ImageObject\",\"inLanguage\":\"ca\",\"@id\":\"https:\\\/\\\/customsailingcb.com\\\/ca\\\/#\\\/schema\\\/logo\\\/image\\\/\",\"url\":\"https:\\\/\\\/www.customsailingcb.com\\\/wp-content\\\/uploads\\\/2025\\\/01\\\/Logo_customsailing-scaled.webp\",\"contentUrl\":\"https:\\\/\\\/www.customsailingcb.com\\\/wp-content\\\/uploads\\\/2025\\\/01\\\/Logo_customsailing-scaled.webp\",\"width\":2560,\"height\":1085,\"caption\":\"Custom Sailing CB\"},\"image\":{\"@id\":\"https:\\\/\\\/customsailingcb.com\\\/ca\\\/#\\\/schema\\\/logo\\\/image\\\/\"},\"sameAs\":[\"https:\\\/\\\/www.facebook.com\\\/customsailingcostabrava\",\"https:\\\/\\\/www.instagram.com\\\/customsailing\\\/\"]}]}<\/script>\n<!-- \/ Yoast SEO plugin. -->","yoast_head_json":{"title":"Invictus CX 240 - Custom sailing CB, Lloguer embarcacions Costa Brava","robots":{"index":"index","follow":"follow","max-snippet":"max-snippet:-1","max-image-preview":"max-image-preview:large","max-video-preview":"max-video-preview:-1"},"canonical":"https:\/\/customsailingcb.com\/ca\/flota\/invictus-cx-240\/","og_locale":"ca_ES","og_type":"article","og_title":"Invictus CX 240 - Custom sailing CB, Lloguer embarcacions Costa Brava","og_description":"Per a aquells que vulguin acostar-se a una nova manera de gaudir d'agradables jornades al mar de la Costa Brava, la nova CX 240 \u00e9s ideal i sorprenent. Aquesta embarcaci\u00f3 de bells acabats est\u00e0 dissenyada per tancar un concentrat de comoditats i un alt nivell de confort en un espai redu\u00eft. La banyera central est\u00e0 presidida pel seient del pilot, que ofereix un respatller inclinable que actua com a banc orientat cap a popa o, per qu\u00e8 no, com a taula complement\u00e0ria per ser utilitzada amb el sof\u00e0 en forma de \u201cL\u201d. Tamb\u00e9 en aquest cas, la zona de coberta aprofita els generosos volums del casc, permetent albergar una acollidora cabina. El personal color blanc, juntament amb l'acabat en cuir i acer cromat de la zona de sol\u00e0rium de proa, s\u00f3n el marc per a una representaci\u00f3 exclusiva molt aconseguida de confort absolut i luxe total, sense oblidar les notables prestacions proporcionades pel motor foraborda de 250 CV i pel casc fibr\u00f3s, per\u00f2 sempre segur, de disseny \u00fanic.","og_url":"https:\/\/customsailingcb.com\/ca\/flota\/invictus-cx-240\/","og_site_name":"Custom sailing CB, Lloguer embarcacions Costa Brava","article_publisher":"https:\/\/www.facebook.com\/customsailingcostabrava","article_modified_time":"2025-10-19T19:25:46+00:00","og_image":[{"width":1000,"height":650,"url":"https:\/\/customsailingcb.com\/wp-content\/uploads\/2025\/03\/invictus-yacht-240-cx-21.webp","type":"image\/webp"}],"twitter_card":"summary_large_image","twitter_misc":{"Temps estimat de lectura":"1 minut"},"schema":{"@context":"https:\/\/schema.org","@graph":[{"@type":"WebPage","@id":"https:\/\/customsailingcb.com\/ca\/flota\/invictus-cx-240\/","url":"https:\/\/customsailingcb.com\/ca\/flota\/invictus-cx-240\/","name":"Invictus CX 240 - Custom sailing CB, Lloguer embarcacions Costa Brava","isPartOf":{"@id":"https:\/\/customsailingcb.com\/ca\/#website"},"primaryImageOfPage":{"@id":"https:\/\/customsailingcb.com\/ca\/flota\/invictus-cx-240\/#primaryimage"},"image":{"@id":"https:\/\/customsailingcb.com\/ca\/flota\/invictus-cx-240\/#primaryimage"},"thumbnailUrl":"https:\/\/customsailingcb.com\/wp-content\/uploads\/2025\/03\/invictus-yacht-240-cx-21.webp","datePublished":"2025-03-10T16:05:06+00:00","dateModified":"2025-10-19T19:25:46+00:00","breadcrumb":{"@id":"https:\/\/customsailingcb.com\/ca\/flota\/invictus-cx-240\/#breadcrumb"},"inLanguage":"ca","potentialAction":[{"@type":"ReadAction","target":["https:\/\/customsailingcb.com\/ca\/flota\/invictus-cx-240\/"]}]},{"@type":"ImageObject","inLanguage":"ca","@id":"https:\/\/customsailingcb.com\/ca\/flota\/invictus-cx-240\/#primaryimage","url":"https:\/\/customsailingcb.com\/wp-content\/uploads\/2025\/03\/invictus-yacht-240-cx-21.webp","contentUrl":"https:\/\/customsailingcb.com\/wp-content\/uploads\/2025\/03\/invictus-yacht-240-cx-21.webp","width":1000,"height":650,"caption":"Invictus CX 270 en alquiler navegando por la Costa Brava"},{"@type":"BreadcrumbList","@id":"https:\/\/customsailingcb.com\/ca\/flota\/invictus-cx-240\/#breadcrumb","itemListElement":[{"@type":"ListItem","position":1,"name":"Inicio","item":"https:\/\/customsailingcb.com\/ca\/"},{"@type":"ListItem","position":2,"name":"Productes","item":"https:\/\/customsailingcb.com\/ca\/shop\/"},{"@type":"ListItem","position":3,"name":"Invictus CX 240"}]},{"@type":"WebSite","@id":"https:\/\/customsailingcb.com\/ca\/#website","url":"https:\/\/customsailingcb.com\/ca\/","name":"Custom Sailing CB","description":"Lloguer embarcacions Costa Brava","publisher":{"@id":"https:\/\/customsailingcb.com\/ca\/#organization"},"alternateName":"CustomSailingCB.com","potentialAction":[{"@type":"SearchAction","target":{"@type":"EntryPoint","urlTemplate":"https:\/\/customsailingcb.com\/ca\/?s={search_term_string}"},"query-input":{"@type":"PropertyValueSpecification","valueRequired":true,"valueName":"search_term_string"}}],"inLanguage":"ca"},{"@type":"Organization","@id":"https:\/\/customsailingcb.com\/ca\/#organization","name":"Custom Sailing CB","alternateName":"Custom Sailing Costa Brava","url":"https:\/\/customsailingcb.com\/ca\/","logo":{"@type":"ImageObject","inLanguage":"ca","@id":"https:\/\/customsailingcb.com\/ca\/#\/schema\/logo\/image\/","url":"https:\/\/www.customsailingcb.com\/wp-content\/uploads\/2025\/01\/Logo_customsailing-scaled.webp","contentUrl":"https:\/\/www.customsailingcb.com\/wp-content\/uploads\/2025\/01\/Logo_customsailing-scaled.webp","width":2560,"height":1085,"caption":"Custom Sailing CB"},"image":{"@id":"https:\/\/customsailingcb.com\/ca\/#\/schema\/logo\/image\/"},"sameAs":["https:\/\/www.facebook.com\/customsailingcostabrava","https:\/\/www.instagram.com\/customsailing\/"]}]}},"_links":{"self":[{"href":"https:\/\/customsailingcb.com\/ca\/wp-json\/wp\/v2\/product\/3772","targetHints":{"allow":["GET"]}}],"collection":[{"href":"https:\/\/customsailingcb.com\/ca\/wp-json\/wp\/v2\/product"}],"about":[{"href":"https:\/\/customsailingcb.com\/ca\/wp-json\/wp\/v2\/types\/product"}],"version-history":[{"count":0,"href":"https:\/\/customsailingcb.com\/ca\/wp-json\/wp\/v2\/product\/3772\/revisions"}],"wp:featuredmedia":[{"embeddable":true,"href":"https:\/\/customsailingcb.com\/ca\/wp-json\/wp\/v2\/media\/3764"}],"wp:attachment":[{"href":"https:\/\/customsailingcb.com\/ca\/wp-json\/wp\/v2\/media?parent=3772"}],"wp:term":[{"taxonomy":"product_brand","embeddable":true,"href":"https:\/\/customsailingcb.com\/ca\/wp-json\/wp\/v2\/product_brand?post=3772"},{"taxonomy":"product_cat","embeddable":true,"href":"https:\/\/customsailingcb.com\/ca\/wp-json\/wp\/v2\/product_cat?post=3772"},{"taxonomy":"product_tag","embeddable":true,"href":"https:\/\/customsailingcb.com\/ca\/wp-json\/wp\/v2\/product_tag?post=3772"}],"curies":[{"name":"wp","href":"https:\/\/api.w.org\/{rel}","templated":true}]}}