{"id":3524,"date":"2025-01-31T12:17:45","date_gmt":"2025-01-31T12:17:45","guid":{"rendered":"https:\/\/customsailingcb.com\/evenements\/team-building-regates-dentreprise\/"},"modified":"2025-03-12T08:16:58","modified_gmt":"2025-03-12T08:16:58","slug":"team-building-regates-dentreprise","status":"publish","type":"page","link":"https:\/\/customsailingcb.com\/fr\/evenements\/team-building-regates-dentreprise\/","title":{"rendered":"Team building &amp; r\u00e9gates d&#8217;entreprise"},"content":{"rendered":"\t\t<div data-elementor-type=\"wp-page\" data-elementor-id=\"3524\" class=\"elementor elementor-3524 elementor-1001\" data-elementor-post-type=\"page\">\n\t\t\t\t<div class=\"elementor-element elementor-element-a54d6af e-con-full e-flex e-con e-parent\" data-id=\"a54d6af\" data-element_type=\"container\" data-e-type=\"container\">\n\t\t\t\t<div class=\"elementor-element elementor-element-268757f elementor--h-position-center elementor--v-position-middle elementor-arrows-position-inside elementor-pagination-position-inside elementor-widget elementor-widget-slides\" data-id=\"268757f\" data-element_type=\"widget\" data-e-type=\"widget\" data-settings=\"{&quot;navigation&quot;:&quot;both&quot;,&quot;autoplay&quot;:&quot;yes&quot;,&quot;pause_on_hover&quot;:&quot;yes&quot;,&quot;pause_on_interaction&quot;:&quot;yes&quot;,&quot;autoplay_speed&quot;:5000,&quot;infinite&quot;:&quot;yes&quot;,&quot;transition&quot;:&quot;slide&quot;,&quot;transition_speed&quot;:500}\" data-widget_type=\"slides.default\">\n\t\t\t\t<div class=\"elementor-widget-container\">\n\t\t\t\t\t\t\t\t\t<div class=\"elementor-swiper\">\n\t\t\t\t\t<div class=\"elementor-slides-wrapper elementor-main-swiper swiper\" role=\"region\" aria-roledescription=\"carousel\" aria-label=\"Slides\" dir=\"ltr\" data-animation=\"fadeInUp\">\n\t\t\t\t<div class=\"swiper-wrapper elementor-slides\">\n\t\t\t\t\t\t\t\t\t\t<div class=\"elementor-repeater-item-36d2eb6 swiper-slide\" role=\"group\" aria-roledescription=\"slide\"><div class=\"swiper-slide-bg\" role=\"img\" aria-label=\"team-building\"><\/div><div class=\"elementor-background-overlay\"><\/div><div class=\"swiper-slide-inner\" ><div class=\"swiper-slide-contents\"><div class=\"elementor-slide-heading\">Team building &amp; r\u00e9gates d'entreprise<\/div><\/div><\/div><\/div>\t\t\t\t<\/div>\n\t\t\t\t\t\t\t<\/div>\n\t\t\t\t<\/div>\n\t\t\t\t\t\t\t\t<\/div>\n\t\t\t\t<\/div>\n\t\t\t\t<\/div>\n\t\t<div class=\"elementor-element elementor-element-3ea7253 e-flex e-con-boxed e-con e-parent\" data-id=\"3ea7253\" data-element_type=\"container\" data-e-type=\"container\" data-settings=\"{&quot;background_background&quot;:&quot;classic&quot;}\">\n\t\t\t\t\t<div class=\"e-con-inner\">\n\t\t\t\t<div class=\"elementor-element elementor-element-7ff6f77 elementor-widget elementor-widget-spacer\" data-id=\"7ff6f77\" data-element_type=\"widget\" data-e-type=\"widget\" data-widget_type=\"spacer.default\">\n\t\t\t\t<div class=\"elementor-widget-container\">\n\t\t\t\t\t\t\t<div class=\"elementor-spacer\">\n\t\t\t<div class=\"elementor-spacer-inner\"><\/div>\n\t\t<\/div>\n\t\t\t\t\t\t<\/div>\n\t\t\t\t<\/div>\n\t\t\t\t<div class=\"elementor-element elementor-element-56d0268 elementor-widget elementor-widget-text-editor\" data-id=\"56d0268\" data-element_type=\"widget\" data-e-type=\"widget\" data-widget_type=\"text-editor.default\">\n\t\t\t\t<div class=\"elementor-widget-container\">\n\t\t\t\t\t\t\t\t\t<div class=\"col-sm-12\">La voile peut \u00eatre un outil tr\u00e8s utile pour am\u00e9liorer les relations entre les membres d&#8217;une \u00e9quipe de travail et la Costa Brava est un cadre id\u00e9al pour profiter d&#8217;une journ\u00e9e de \u00ab team building \u00bb ou d&#8217;un programme d&#8217;int\u00e9gration en entreprise. Notre exp\u00e9rience en mer et dans le sport appliqu\u00e9e \u00e0 l&#8217;organisation d&#8217;une journ\u00e9e pour les travailleurs, les clients ou la famille stimule la motivation, l&#8217;int\u00e9gration et la fid\u00e9lisation, vous permettant d&#8217;atteindre des objectifs commerciaux importants pour votre entreprise.  <strong>La pratique des man\u0153uvres \u00e0 la voile favorise la coh\u00e9sion et le travail d&#8217;\u00e9quipe tout en profitant d&#8217;une excellente journ\u00e9e en mer.<\/strong><\/div>\n<div class=\"col-sm-12\"> <\/div>\n<div class=\"col-sm-12\">En fonction du volume du groupe, un seul voilier ou plusieurs seront pilot\u00e9s ; pratiquer des man\u0153uvres, <strong>participer \u00e0 des r\u00e9gates de club ou organiser notre propre r\u00e9gate d&#8217;entreprise<\/strong> entre les diff\u00e9rentes \u00e9quipes compos\u00e9es d&#8217;\u00e9quipage et de voilier.<\/div>\n<div class=\"col-sm-12\"> <\/div>\n<div class=\"col-sm-12\">En plus de la voile, nous pouvons concevoir tout autre programme d&#8217;int\u00e9gration d&#8217;entreprise sur mesure comprenant d&#8217;autres activit\u00e9s que nous d\u00e9veloppons dans notre r\u00e9gion de la Costa Brava et de l&#8217;Empord\u00e0, comme des promenades le long du sentier c\u00f4tier, des itin\u00e9raires de VTT \u00e0 travers les Gavarres, l&#8217;\u0153notourisme ou des visites culturelles dans diff\u00e9rentes villes de la r\u00e9gion.<\/div>\n\t\t\t\t\t\t\t\t<\/div>\n\t\t\t\t<\/div>\n\t\t\t\t<div class=\"elementor-element elementor-element-3bd5cca elementor-align-center elementor-widget elementor-widget-button\" data-id=\"3bd5cca\" data-element_type=\"widget\" data-e-type=\"widget\" data-widget_type=\"button.default\">\n\t\t\t\t<div class=\"elementor-widget-container\">\n\t\t\t\t\t\t\t\t\t<div class=\"elementor-button-wrapper\">\n\t\t\t\t\t<a class=\"elementor-button elementor-button-link elementor-size-sm\" href=\"https:\/\/customsailingcb.com\/fr\/contact\/\">\n\t\t\t\t\t\t<span class=\"elementor-button-content-wrapper\">\n\t\t\t\t\t\t\t\t\t<span class=\"elementor-button-text\">Travaillez en \u00e9quipe et naviguez \u00e0 toute vitesse<\/span>\n\t\t\t\t\t<\/span>\n\t\t\t\t\t<\/a>\n\t\t\t\t<\/div>\n\t\t\t\t\t\t\t\t<\/div>\n\t\t\t\t<\/div>\n\t\t\t\t<div class=\"elementor-element elementor-element-317684e elementor-widget elementor-widget-spacer\" data-id=\"317684e\" data-element_type=\"widget\" data-e-type=\"widget\" data-widget_type=\"spacer.default\">\n\t\t\t\t<div class=\"elementor-widget-container\">\n\t\t\t\t\t\t\t<div class=\"elementor-spacer\">\n\t\t\t<div class=\"elementor-spacer-inner\"><\/div>\n\t\t<\/div>\n\t\t\t\t\t\t<\/div>\n\t\t\t\t<\/div>\n\t\t\t\t\t<\/div>\n\t\t\t\t<\/div>\n\t\t\t\t<\/div>\n\t\t","protected":false},"excerpt":{"rendered":"<p>Team building &amp; r\u00e9gates d&#8217;entreprise La voile peut \u00eatre un outil tr\u00e8s utile pour am\u00e9liorer les relations entre les membres d&#8217;une \u00e9quipe de travail et la Costa Brava est un cadre id\u00e9al pour profiter d&#8217;une journ\u00e9e de \u00ab team building \u00bb ou d&#8217;un programme d&#8217;int\u00e9gration en entreprise. Notre exp\u00e9rience en mer et dans le sport [&hellip;]<\/p>\n","protected":false},"author":2,"featured_media":0,"parent":3500,"menu_order":0,"comment_status":"closed","ping_status":"closed","template":"","meta":{"_acf_changed":false,"site-sidebar-layout":"no-sidebar","site-content-layout":"","ast-site-content-layout":"full-width-container","site-content-style":"default","site-sidebar-style":"default","ast-global-header-display":"","ast-banner-title-visibility":"","ast-main-header-display":"","ast-hfb-above-header-display":"","ast-hfb-below-header-display":"","ast-hfb-mobile-header-display":"","site-post-title":"disabled","ast-breadcrumbs-content":"","ast-featured-img":"disabled","footer-sml-layout":"","ast-disable-related-posts":"","theme-transparent-header-meta":"","adv-header-id-meta":"","stick-header-meta":"","header-above-stick-meta":"","header-main-stick-meta":"","header-below-stick-meta":"","astra-migrate-meta-layouts":"default","ast-page-background-enabled":"default","ast-page-background-meta":{"desktop":{"background-color":"var(--ast-global-color-5)","background-image":"","background-repeat":"repeat","background-position":"center center","background-size":"auto","background-attachment":"scroll","background-type":"","background-media":"","overlay-type":"","overlay-color":"","overlay-opacity":"","overlay-gradient":""},"tablet":{"background-color":"","background-image":"","background-repeat":"repeat","background-position":"center center","background-size":"auto","background-attachment":"scroll","background-type":"","background-media":"","overlay-type":"","overlay-color":"","overlay-opacity":"","overlay-gradient":""},"mobile":{"background-color":"","background-image":"","background-repeat":"repeat","background-position":"center center","background-size":"auto","background-attachment":"scroll","background-type":"","background-media":"","overlay-type":"","overlay-color":"","overlay-opacity":"","overlay-gradient":""}},"ast-content-background-meta":{"desktop":{"background-color":"var(--ast-global-color-4)","background-image":"","background-repeat":"repeat","background-position":"center center","background-size":"auto","background-attachment":"scroll","background-type":"","background-media":"","overlay-type":"","overlay-color":"","overlay-opacity":"","overlay-gradient":""},"tablet":{"background-color":"var(--ast-global-color-4)","background-image":"","background-repeat":"repeat","background-position":"center center","background-size":"auto","background-attachment":"scroll","background-type":"","background-media":"","overlay-type":"","overlay-color":"","overlay-opacity":"","overlay-gradient":""},"mobile":{"background-color":"var(--ast-global-color-4)","background-image":"","background-repeat":"repeat","background-position":"center center","background-size":"auto","background-attachment":"scroll","background-type":"","background-media":"","overlay-type":"","overlay-color":"","overlay-opacity":"","overlay-gradient":""}},"footnotes":""},"class_list":["post-3524","page","type-page","status-publish","hentry"],"acf":[],"yoast_head":"<!-- This site is optimized with the Yoast SEO plugin v27.4 - https:\/\/yoast.com\/product\/yoast-seo-wordpress\/ -->\n<title>Team building &amp; r\u00e9gates d&#039;entreprise - Custom sailing CB, location de bateau Costa Brava<\/title>\n<meta name=\"robots\" content=\"index, follow, max-snippet:-1, max-image-preview:large, max-video-preview:-1\" \/>\n<link rel=\"canonical\" href=\"https:\/\/customsailingcb.com\/fr\/evenements\/team-building-regates-dentreprise\/\" \/>\n<meta property=\"og:locale\" content=\"fr_FR\" \/>\n<meta property=\"og:type\" content=\"article\" \/>\n<meta property=\"og:title\" content=\"Team building &amp; r\u00e9gates d&#039;entreprise - Custom sailing CB, location de bateau Costa Brava\" \/>\n<meta property=\"og:description\" content=\"Team building &amp; r\u00e9gates d&#8217;entreprise La voile peut \u00eatre un outil tr\u00e8s utile pour am\u00e9liorer les relations entre les membres d&#8217;une \u00e9quipe de travail et la Costa Brava est un cadre id\u00e9al pour profiter d&#8217;une journ\u00e9e de \u00ab team building \u00bb ou d&#8217;un programme d&#8217;int\u00e9gration en entreprise. Notre exp\u00e9rience en mer et dans le sport [&hellip;]\" \/>\n<meta property=\"og:url\" content=\"https:\/\/customsailingcb.com\/fr\/evenements\/team-building-regates-dentreprise\/\" \/>\n<meta property=\"og:site_name\" content=\"Custom sailing CB, location de bateau Costa Brava\" \/>\n<meta property=\"article:publisher\" content=\"https:\/\/www.facebook.com\/customsailingcostabrava\" \/>\n<meta property=\"article:modified_time\" content=\"2025-03-12T08:16:58+00:00\" \/>\n<meta name=\"twitter:card\" content=\"summary_large_image\" \/>\n<meta name=\"twitter:label1\" content=\"Dur\u00e9e de lecture estim\u00e9e\" \/>\n\t<meta name=\"twitter:data1\" content=\"1 minute\" \/>\n<script type=\"application\/ld+json\" class=\"yoast-schema-graph\">{\"@context\":\"https:\\\/\\\/schema.org\",\"@graph\":[{\"@type\":\"WebPage\",\"@id\":\"https:\\\/\\\/customsailingcb.com\\\/fr\\\/evenements\\\/team-building-regates-dentreprise\\\/\",\"url\":\"https:\\\/\\\/customsailingcb.com\\\/fr\\\/evenements\\\/team-building-regates-dentreprise\\\/\",\"name\":\"Team building &amp; r\u00e9gates d'entreprise - Custom sailing CB, location de bateau Costa Brava\",\"isPartOf\":{\"@id\":\"https:\\\/\\\/customsailingcb.com\\\/fr\\\/#website\"},\"datePublished\":\"2025-01-31T12:17:45+00:00\",\"dateModified\":\"2025-03-12T08:16:58+00:00\",\"breadcrumb\":{\"@id\":\"https:\\\/\\\/customsailingcb.com\\\/fr\\\/evenements\\\/team-building-regates-dentreprise\\\/#breadcrumb\"},\"inLanguage\":\"fr-FR\",\"potentialAction\":[{\"@type\":\"ReadAction\",\"target\":[\"https:\\\/\\\/customsailingcb.com\\\/fr\\\/evenements\\\/team-building-regates-dentreprise\\\/\"]}]},{\"@type\":\"BreadcrumbList\",\"@id\":\"https:\\\/\\\/customsailingcb.com\\\/fr\\\/evenements\\\/team-building-regates-dentreprise\\\/#breadcrumb\",\"itemListElement\":[{\"@type\":\"ListItem\",\"position\":1,\"name\":\"Inicio\",\"item\":\"https:\\\/\\\/customsailingcb.com\\\/fr\\\/\"},{\"@type\":\"ListItem\",\"position\":2,\"name\":\"\u00c9v\u00e9nements\",\"item\":\"https:\\\/\\\/customsailingcb.com\\\/fr\\\/eventos\\\/\"},{\"@type\":\"ListItem\",\"position\":3,\"name\":\"Team building &amp; r\u00e9gates d&#8217;entreprise\"}]},{\"@type\":\"WebSite\",\"@id\":\"https:\\\/\\\/customsailingcb.com\\\/fr\\\/#website\",\"url\":\"https:\\\/\\\/customsailingcb.com\\\/fr\\\/\",\"name\":\"Custom Sailing CB\",\"description\":\"Location de bateaux Costa Brava\",\"publisher\":{\"@id\":\"https:\\\/\\\/customsailingcb.com\\\/fr\\\/#organization\"},\"alternateName\":\"CustomSailingCB.com\",\"potentialAction\":[{\"@type\":\"SearchAction\",\"target\":{\"@type\":\"EntryPoint\",\"urlTemplate\":\"https:\\\/\\\/customsailingcb.com\\\/fr\\\/?s={search_term_string}\"},\"query-input\":{\"@type\":\"PropertyValueSpecification\",\"valueRequired\":true,\"valueName\":\"search_term_string\"}}],\"inLanguage\":\"fr-FR\"},{\"@type\":\"Organization\",\"@id\":\"https:\\\/\\\/customsailingcb.com\\\/fr\\\/#organization\",\"name\":\"Custom Sailing CB\",\"alternateName\":\"Custom Sailing Costa Brava\",\"url\":\"https:\\\/\\\/customsailingcb.com\\\/fr\\\/\",\"logo\":{\"@type\":\"ImageObject\",\"inLanguage\":\"fr-FR\",\"@id\":\"https:\\\/\\\/customsailingcb.com\\\/fr\\\/#\\\/schema\\\/logo\\\/image\\\/\",\"url\":\"https:\\\/\\\/www.customsailingcb.com\\\/wp-content\\\/uploads\\\/2025\\\/01\\\/Logo_customsailing-scaled.webp\",\"contentUrl\":\"https:\\\/\\\/www.customsailingcb.com\\\/wp-content\\\/uploads\\\/2025\\\/01\\\/Logo_customsailing-scaled.webp\",\"width\":2560,\"height\":1085,\"caption\":\"Custom Sailing CB\"},\"image\":{\"@id\":\"https:\\\/\\\/customsailingcb.com\\\/fr\\\/#\\\/schema\\\/logo\\\/image\\\/\"},\"sameAs\":[\"https:\\\/\\\/www.facebook.com\\\/customsailingcostabrava\",\"https:\\\/\\\/www.instagram.com\\\/customsailing\\\/\"]}]}<\/script>\n<!-- \/ Yoast SEO plugin. -->","yoast_head_json":{"title":"Team building &amp; r\u00e9gates d'entreprise - Custom sailing CB, location de bateau Costa Brava","robots":{"index":"index","follow":"follow","max-snippet":"max-snippet:-1","max-image-preview":"max-image-preview:large","max-video-preview":"max-video-preview:-1"},"canonical":"https:\/\/customsailingcb.com\/fr\/evenements\/team-building-regates-dentreprise\/","og_locale":"fr_FR","og_type":"article","og_title":"Team building &amp; r\u00e9gates d'entreprise - Custom sailing CB, location de bateau Costa Brava","og_description":"Team building &amp; r\u00e9gates d&#8217;entreprise La voile peut \u00eatre un outil tr\u00e8s utile pour am\u00e9liorer les relations entre les membres d&#8217;une \u00e9quipe de travail et la Costa Brava est un cadre id\u00e9al pour profiter d&#8217;une journ\u00e9e de \u00ab team building \u00bb ou d&#8217;un programme d&#8217;int\u00e9gration en entreprise. Notre exp\u00e9rience en mer et dans le sport [&hellip;]","og_url":"https:\/\/customsailingcb.com\/fr\/evenements\/team-building-regates-dentreprise\/","og_site_name":"Custom sailing CB, location de bateau Costa Brava","article_publisher":"https:\/\/www.facebook.com\/customsailingcostabrava","article_modified_time":"2025-03-12T08:16:58+00:00","twitter_card":"summary_large_image","twitter_misc":{"Dur\u00e9e de lecture estim\u00e9e":"1 minute"},"schema":{"@context":"https:\/\/schema.org","@graph":[{"@type":"WebPage","@id":"https:\/\/customsailingcb.com\/fr\/evenements\/team-building-regates-dentreprise\/","url":"https:\/\/customsailingcb.com\/fr\/evenements\/team-building-regates-dentreprise\/","name":"Team building &amp; r\u00e9gates d'entreprise - Custom sailing CB, location de bateau Costa Brava","isPartOf":{"@id":"https:\/\/customsailingcb.com\/fr\/#website"},"datePublished":"2025-01-31T12:17:45+00:00","dateModified":"2025-03-12T08:16:58+00:00","breadcrumb":{"@id":"https:\/\/customsailingcb.com\/fr\/evenements\/team-building-regates-dentreprise\/#breadcrumb"},"inLanguage":"fr-FR","potentialAction":[{"@type":"ReadAction","target":["https:\/\/customsailingcb.com\/fr\/evenements\/team-building-regates-dentreprise\/"]}]},{"@type":"BreadcrumbList","@id":"https:\/\/customsailingcb.com\/fr\/evenements\/team-building-regates-dentreprise\/#breadcrumb","itemListElement":[{"@type":"ListItem","position":1,"name":"Inicio","item":"https:\/\/customsailingcb.com\/fr\/"},{"@type":"ListItem","position":2,"name":"\u00c9v\u00e9nements","item":"https:\/\/customsailingcb.com\/fr\/eventos\/"},{"@type":"ListItem","position":3,"name":"Team building &amp; r\u00e9gates d&#8217;entreprise"}]},{"@type":"WebSite","@id":"https:\/\/customsailingcb.com\/fr\/#website","url":"https:\/\/customsailingcb.com\/fr\/","name":"Custom Sailing CB","description":"Location de bateaux Costa Brava","publisher":{"@id":"https:\/\/customsailingcb.com\/fr\/#organization"},"alternateName":"CustomSailingCB.com","potentialAction":[{"@type":"SearchAction","target":{"@type":"EntryPoint","urlTemplate":"https:\/\/customsailingcb.com\/fr\/?s={search_term_string}"},"query-input":{"@type":"PropertyValueSpecification","valueRequired":true,"valueName":"search_term_string"}}],"inLanguage":"fr-FR"},{"@type":"Organization","@id":"https:\/\/customsailingcb.com\/fr\/#organization","name":"Custom Sailing CB","alternateName":"Custom Sailing Costa Brava","url":"https:\/\/customsailingcb.com\/fr\/","logo":{"@type":"ImageObject","inLanguage":"fr-FR","@id":"https:\/\/customsailingcb.com\/fr\/#\/schema\/logo\/image\/","url":"https:\/\/www.customsailingcb.com\/wp-content\/uploads\/2025\/01\/Logo_customsailing-scaled.webp","contentUrl":"https:\/\/www.customsailingcb.com\/wp-content\/uploads\/2025\/01\/Logo_customsailing-scaled.webp","width":2560,"height":1085,"caption":"Custom Sailing CB"},"image":{"@id":"https:\/\/customsailingcb.com\/fr\/#\/schema\/logo\/image\/"},"sameAs":["https:\/\/www.facebook.com\/customsailingcostabrava","https:\/\/www.instagram.com\/customsailing\/"]}]}},"_links":{"self":[{"href":"https:\/\/customsailingcb.com\/fr\/wp-json\/wp\/v2\/pages\/3524","targetHints":{"allow":["GET"]}}],"collection":[{"href":"https:\/\/customsailingcb.com\/fr\/wp-json\/wp\/v2\/pages"}],"about":[{"href":"https:\/\/customsailingcb.com\/fr\/wp-json\/wp\/v2\/types\/page"}],"author":[{"embeddable":true,"href":"https:\/\/customsailingcb.com\/fr\/wp-json\/wp\/v2\/users\/2"}],"replies":[{"embeddable":true,"href":"https:\/\/customsailingcb.com\/fr\/wp-json\/wp\/v2\/comments?post=3524"}],"version-history":[{"count":0,"href":"https:\/\/customsailingcb.com\/fr\/wp-json\/wp\/v2\/pages\/3524\/revisions"}],"up":[{"embeddable":true,"href":"https:\/\/customsailingcb.com\/fr\/wp-json\/wp\/v2\/pages\/3500"}],"wp:attachment":[{"href":"https:\/\/customsailingcb.com\/fr\/wp-json\/wp\/v2\/media?parent=3524"}],"curies":[{"name":"wp","href":"https:\/\/api.w.org\/{rel}","templated":true}]}}