{"id":3542,"date":"2025-01-31T11:16:23","date_gmt":"2025-01-31T11:16:23","guid":{"rendered":"https:\/\/customsailingcb.com\/experiencias\/location-itineraires-de-paddle-surf\/"},"modified":"2025-03-12T08:14:16","modified_gmt":"2025-03-12T08:14:16","slug":"location-itineraires-de-paddle-surf","status":"publish","type":"page","link":"https:\/\/customsailingcb.com\/fr\/experiences\/location-itineraires-de-paddle-surf\/","title":{"rendered":"Location &amp; itin\u00e9raires de paddle surf"},"content":{"rendered":"\t\t<div data-elementor-type=\"wp-page\" data-elementor-id=\"3542\" class=\"elementor elementor-3542 elementor-883\" data-elementor-post-type=\"page\">\n\t\t\t\t<div class=\"elementor-element elementor-element-a54d6af e-con-full e-flex e-con e-parent\" data-id=\"a54d6af\" data-element_type=\"container\" data-e-type=\"container\">\n\t\t\t\t<div class=\"elementor-element elementor-element-268757f elementor--h-position-center elementor--v-position-middle elementor-arrows-position-inside elementor-pagination-position-inside elementor-widget elementor-widget-slides\" data-id=\"268757f\" data-element_type=\"widget\" data-e-type=\"widget\" data-settings=\"{&quot;navigation&quot;:&quot;both&quot;,&quot;autoplay&quot;:&quot;yes&quot;,&quot;pause_on_hover&quot;:&quot;yes&quot;,&quot;pause_on_interaction&quot;:&quot;yes&quot;,&quot;autoplay_speed&quot;:5000,&quot;infinite&quot;:&quot;yes&quot;,&quot;transition&quot;:&quot;slide&quot;,&quot;transition_speed&quot;:500}\" data-widget_type=\"slides.default\">\n\t\t\t\t<div class=\"elementor-widget-container\">\n\t\t\t\t\t\t\t\t\t<div class=\"elementor-swiper\">\n\t\t\t\t\t<div class=\"elementor-slides-wrapper elementor-main-swiper swiper\" role=\"region\" aria-roledescription=\"carousel\" aria-label=\"Slides\" dir=\"ltr\" data-animation=\"fadeInUp\">\n\t\t\t\t<div class=\"swiper-wrapper elementor-slides\">\n\t\t\t\t\t\t\t\t\t\t<div class=\"elementor-repeater-item-36d2eb6 swiper-slide\" role=\"group\" aria-roledescription=\"slide\"><div class=\"swiper-slide-bg\" role=\"img\" aria-label=\"padel-surf\"><\/div><div class=\"elementor-background-overlay\"><\/div><div class=\"swiper-slide-inner\" ><div class=\"swiper-slide-contents\"><div class=\"elementor-slide-heading\">Location &amp; itin\u00e9raires de paddle surf<\/div><\/div><\/div><\/div>\t\t\t\t<\/div>\n\t\t\t\t\t\t\t<\/div>\n\t\t\t\t<\/div>\n\t\t\t\t\t\t\t\t<\/div>\n\t\t\t\t<\/div>\n\t\t\t\t<\/div>\n\t\t<div class=\"elementor-element elementor-element-3ea7253 e-flex e-con-boxed e-con e-parent\" data-id=\"3ea7253\" data-element_type=\"container\" data-e-type=\"container\" data-settings=\"{&quot;background_background&quot;:&quot;classic&quot;}\">\n\t\t\t\t\t<div class=\"e-con-inner\">\n\t\t\t\t<div class=\"elementor-element elementor-element-7ff6f77 elementor-widget elementor-widget-spacer\" data-id=\"7ff6f77\" data-element_type=\"widget\" data-e-type=\"widget\" data-widget_type=\"spacer.default\">\n\t\t\t\t<div class=\"elementor-widget-container\">\n\t\t\t\t\t\t\t<div class=\"elementor-spacer\">\n\t\t\t<div class=\"elementor-spacer-inner\"><\/div>\n\t\t<\/div>\n\t\t\t\t\t\t<\/div>\n\t\t\t\t<\/div>\n\t\t\t\t<div class=\"elementor-element elementor-element-56d0268 elementor-widget elementor-widget-text-editor\" data-id=\"56d0268\" data-element_type=\"widget\" data-e-type=\"widget\" data-widget_type=\"text-editor.default\">\n\t\t\t\t<div class=\"elementor-widget-container\">\n\t\t\t\t\t\t\t\t\t<p>Ressentez la mer et la Costa Brava \u00e0 la premi\u00e8re personne, nos instructeurs vous apprendront la technique du paddle surf que vous mettrez en pratique en visitant les meilleurs <b>spots autour de Calella de Palafrugell.<\/b> Consultez notre guide avec des informations sur les diff\u00e9rents itin\u00e9raires. Nous proposons diff\u00e9rentes modalit\u00e9s selon le planning :<\/p>\n\t\t\t\t\t\t\t\t<\/div>\n\t\t\t\t<\/div>\n\t\t<div class=\"elementor-element elementor-element-d0b4ec1 e-con-full e-flex e-con e-child\" data-id=\"d0b4ec1\" data-element_type=\"container\" data-e-type=\"container\">\n\t\t\t\t<div class=\"elementor-element elementor-element-6355c41 elementor-widget elementor-widget-html\" data-id=\"6355c41\" data-element_type=\"widget\" data-e-type=\"widget\" data-widget_type=\"html.default\">\n\t\t\t\t<div class=\"elementor-widget-container\">\n\t\t\t\t\t<div id=\"tabla-precios\" class=\"padding-taula\">\n   <table class=\"table table-bordered\">\n      <thead>\n         <tr>\n            <th scope=\"col\">ACTIVIT\u00c9\n<\/th><th scope=\"col\">QUE FEREZ-VOUS?\n<\/th><th scope=\"col\">CALENDRIER<\/th>\n         <\/tr>\n      <\/thead>\n      <tbody style=\"vertical-align:middle;\">\n         <tr>\n            <td><img fetchpriority=\"high\" decoding=\"async\" src=\"https:\/\/customsailingcb.com\/wp-content\/uploads\/2025\/01\/SupYoga.webp\" alt=\"Custom sailing cb\" width=\"250\" height=\"200\">\nSUP YOGA<\/td>\n<td>Shake de bienvenue et d\u00e9part guid\u00e9 avec cours de yoga de base sur les planches<br><\/td><td>Lever du soleil (environ 7h00 \u00e0 8h30)<\/td>\n         <\/tr>\n         <tr>\n            <td><img decoding=\"async\" src=\"https:\/\/customsailingcb.com\/wp-content\/uploads\/2025\/01\/GetUpPaddleSurf.webp\" alt=\"Custom sailing cb\" width=\"250\" height=\"200\">\nGET UP &amp; PADDLE SURF<\/td>\n<td>Sortie guid\u00e9e pour atteindre un coin et prendre le petit d\u00e9jeuner en toute tranquillit\u00e9<\/td><br><td>Lever du soleil (environ 7h00 \u00e0 8h30)<\/td>\n         <\/tr>\n         <tr>\n            <td><img decoding=\"async\" src=\"https:\/\/customsailingcb.com\/wp-content\/uploads\/2025\/01\/SunsetPaddleSurf.webp\" alt=\"Custom sailing cb\" width=\"250\" height=\"200\">\nSUNSET PADDLE SURF<\/td>\n<td>Regarder le coucher de soleil accompagn\u00e9 d'un gin tonic<br><\/td><td>Lever du soleil (environ 7h00 \u00e0 8h30)<\/td>\n         <\/tr>\n         <tr>\n            <td><img loading=\"lazy\" decoding=\"async\" src=\"https:\/\/customsailingcb.com\/wp-content\/uploads\/2025\/01\/FullMoonPaddle.webp\" alt=\"Custom sailing cb\" width=\"250\" height=\"200\">\nFULL MOON PADDLE SURF<\/td>\n<td>Soir\u00e9e avec lumi\u00e8res sous-marines, cocktail de bienvenue<\/td><br><td>Nocturno (a partir de las 21h)<\/td>\n         <\/tr>\n         \n      <\/tbody>\n   <\/table>\n<\/div>\n<p>DUR\u00c9E : ENVIRON 1h30<\/p>\n<p><strong>PRIX : 40 \u20ac\/pax (minimum 4 pax)<\/strong><\/p>\n<p>Si vous souhaitez uniquement louer le mat\u00e9riel, nous le mettons \u00e0 votre disposition tous les jours de 10h \u00e0 19h. Vous nous trouverez sur la plage de Port Pelegr\u00ed, \u00e0 Calella de Palafrugell.<\/p>\n<style>\n   .table-bordered {\n   font-size: 15px;\n   letter-spacing: 1px;\n   color: #333F48;\n   line-height: 24px;\n   }\n   .padding-taula {\n   padding-left: 5px;\n   padding-right: 5px;\n   padding-bottom: 1px;\n   }\n   .table.table-bordered {\n   text-align: center;\n   }\n   .table {\n   width: 100%;\n   max-width: 100%;\n   margin-bottom: 1rem;\n   border: none;\n   }\n   table {\n   border-collapse: collapse;\n   }\n   .no-bold {\n   font-weight: 400 !important;\n   }\n   .table.table-bordered td {\n   vertical-align: middle;\n   \n   }\n   th:first-child,\n    td:first-child {\n    font-weight: bold;\n}\n   \n   table th, td {\n    border: none; \/* Removes all borders *\/\n    }\n   tbody {\n   display: table-row-group;\n   vertical-align: middle;\n   unicode-bidi: isolate;\n   border-color: inherit;\n   }\n   .table-bordered thead th {\n   color: #333F48;\n   text-align: center;\n   vertical-align: middle;\n   border-bottom: 4px solid #333F48;\n   font-weight: 900;\n   font-size: 15px;\n   }\n   .table-bordered th, .table-bordered td {\n   border-bottom: 1px solid #333F48;\n   }\n   .table-bordered th, .table-bordered tr:last-child td {\n   border-bottom: 0;\n   }\n   p {\n   color: #333F48;\n   }\n<\/style>\t\t\t\t<\/div>\n\t\t\t\t<\/div>\n\t\t\t\t<div class=\"elementor-element elementor-element-a0e9909 elementor-widget elementor-widget-html\" data-id=\"a0e9909\" data-element_type=\"widget\" data-e-type=\"widget\" data-widget_type=\"html.default\">\n\t\t\t\t<div class=\"elementor-widget-container\">\n\t\t\t\t\t<div id=\"tabla-precios\" class=\"padding-taula\"><table class=\"table table-bordered\"><thead><tr>           \n            <th scope=\"col\"><\/th><th scope=\"col\">ALQUILER MATERIAL PADDLE SURF (TABLA + REMO)<\/th><th scope=\"col\"><\/th><\/tr><\/thead><tbody style=\"vertical-align:middle;\"><tr><td class=\"no-bold\"><\/td><td>1 hora<\/td><td>15\u20ac<\/td><\/tr><tr><td class=\"no-bold\"><\/td><td>2 horas<\/td><td>25\u20ac<\/td><\/tr><tr><td class=\"no-bold\"><\/td><td>\u00bd d\u00eda (de 10h a 14h o de 15h a 19h)<\/td><td>40\u20ac<\/td><\/tr><tr><td class=\"no-bold\"><\/td><td>1 d\u00eda (de 10h a 19h)<\/td><td>60\u20ac<\/td><\/tr><\/tbody><\/table><\/div><style>.table-bordered {\n   font-size: 15px;\n   letter-spacing: 1px;\n   color: #333F48;\n   line-height: 24px;\n   }\n   .padding-taula {\n   padding-left: 5px;\n   padding-right: 5px;\n   padding-bottom: 1px;\n   }\n   .table.table-bordered {\n   text-align: center;\n   }\n   .table {\n   width: 100%;\n   max-width: 100%;\n   margin-bottom: 1rem;\n   border: none;\n   }\n   table {\n   border-collapse: collapse;\n   }\n   .no-bold {\n   font-weight: 400 !important;\n   }\n   .table.table-bordered td {\n   vertical-align: middle;\n   \n   }\n   th:first-child,\n    td:first-child {\n    font-weight: bold;\n}\n   \n   table th, td {\n    border: none; \/* Removes all borders *\/\n    }\n   tbody {\n   display: table-row-group;\n   vertical-align: middle;\n   unicode-bidi: isolate;\n   border-color: inherit;\n   }\n   .table-bordered thead th {\n   color: #333F48;\n   text-align: center;\n   vertical-align: middle;\n   border-bottom: 4px solid #333F48;\n   font-weight: 900;\n   font-size: 15px;\n   }\n   .table-bordered th, .table-bordered td {\n   border-bottom: 1px solid #333F48;\n   }\n   .table-bordered th, .table-bordered tr:last-child td {\n   border-bottom: 0;\n   }\n   p {\n   color: #333F48;\n   }\n<\/style>\t\t\t\t<\/div>\n\t\t\t\t<\/div>\n\t\t\t\t<div class=\"elementor-element elementor-element-1999f41 elementor-align-center elementor-widget elementor-widget-button\" data-id=\"1999f41\" data-element_type=\"widget\" data-e-type=\"widget\" data-widget_type=\"button.default\">\n\t\t\t\t<div class=\"elementor-widget-container\">\n\t\t\t\t\t\t\t\t\t<div class=\"elementor-button-wrapper\">\n\t\t\t\t\t<a class=\"elementor-button elementor-button-link elementor-size-sm\" href=\"https:\/\/customsailingcb.com\/fr\/contact\/\">\n\t\t\t\t\t\t<span class=\"elementor-button-content-wrapper\">\n\t\t\t\t\t\t\t\t\t<span class=\"elementor-button-text\">R\u00e9servez votre parcours paddle<\/span>\n\t\t\t\t\t<\/span>\n\t\t\t\t\t<\/a>\n\t\t\t\t<\/div>\n\t\t\t\t\t\t\t\t<\/div>\n\t\t\t\t<\/div>\n\t\t\t\t<\/div>\n\t\t\t\t<div class=\"elementor-element elementor-element-317684e elementor-widget elementor-widget-spacer\" data-id=\"317684e\" data-element_type=\"widget\" data-e-type=\"widget\" data-widget_type=\"spacer.default\">\n\t\t\t\t<div class=\"elementor-widget-container\">\n\t\t\t\t\t\t\t<div class=\"elementor-spacer\">\n\t\t\t<div class=\"elementor-spacer-inner\"><\/div>\n\t\t<\/div>\n\t\t\t\t\t\t<\/div>\n\t\t\t\t<\/div>\n\t\t\t\t\t<\/div>\n\t\t\t\t<\/div>\n\t\t\t\t<\/div>\n\t\t","protected":false},"excerpt":{"rendered":"<p>Location &amp; itin\u00e9raires de paddle surf Ressentez la mer et la Costa Brava \u00e0 la premi\u00e8re personne, nos instructeurs vous apprendront la technique du paddle surf que vous mettrez en pratique en visitant les meilleurs spots autour de Calella de Palafrugell. Consultez notre guide avec des informations sur les diff\u00e9rents itin\u00e9raires. Nous proposons diff\u00e9rentes modalit\u00e9s [&hellip;]<\/p>\n","protected":false},"author":2,"featured_media":0,"parent":3536,"menu_order":0,"comment_status":"closed","ping_status":"closed","template":"","meta":{"_acf_changed":false,"site-sidebar-layout":"no-sidebar","site-content-layout":"","ast-site-content-layout":"full-width-container","site-content-style":"default","site-sidebar-style":"default","ast-global-header-display":"","ast-banner-title-visibility":"","ast-main-header-display":"","ast-hfb-above-header-display":"","ast-hfb-below-header-display":"","ast-hfb-mobile-header-display":"","site-post-title":"disabled","ast-breadcrumbs-content":"","ast-featured-img":"disabled","footer-sml-layout":"","ast-disable-related-posts":"","theme-transparent-header-meta":"","adv-header-id-meta":"","stick-header-meta":"","header-above-stick-meta":"","header-main-stick-meta":"","header-below-stick-meta":"","astra-migrate-meta-layouts":"default","ast-page-background-enabled":"default","ast-page-background-meta":{"desktop":{"background-color":"var(--ast-global-color-5)","background-image":"","background-repeat":"repeat","background-position":"center center","background-size":"auto","background-attachment":"scroll","background-type":"","background-media":"","overlay-type":"","overlay-color":"","overlay-opacity":"","overlay-gradient":""},"tablet":{"background-color":"","background-image":"","background-repeat":"repeat","background-position":"center center","background-size":"auto","background-attachment":"scroll","background-type":"","background-media":"","overlay-type":"","overlay-color":"","overlay-opacity":"","overlay-gradient":""},"mobile":{"background-color":"","background-image":"","background-repeat":"repeat","background-position":"center center","background-size":"auto","background-attachment":"scroll","background-type":"","background-media":"","overlay-type":"","overlay-color":"","overlay-opacity":"","overlay-gradient":""}},"ast-content-background-meta":{"desktop":{"background-color":"var(--ast-global-color-4)","background-image":"","background-repeat":"repeat","background-position":"center center","background-size":"auto","background-attachment":"scroll","background-type":"","background-media":"","overlay-type":"","overlay-color":"","overlay-opacity":"","overlay-gradient":""},"tablet":{"background-color":"var(--ast-global-color-4)","background-image":"","background-repeat":"repeat","background-position":"center center","background-size":"auto","background-attachment":"scroll","background-type":"","background-media":"","overlay-type":"","overlay-color":"","overlay-opacity":"","overlay-gradient":""},"mobile":{"background-color":"var(--ast-global-color-4)","background-image":"","background-repeat":"repeat","background-position":"center center","background-size":"auto","background-attachment":"scroll","background-type":"","background-media":"","overlay-type":"","overlay-color":"","overlay-opacity":"","overlay-gradient":""}},"footnotes":""},"class_list":["post-3542","page","type-page","status-publish","hentry"],"acf":[],"yoast_head":"<!-- This site is optimized with the Yoast SEO plugin v27.4 - https:\/\/yoast.com\/product\/yoast-seo-wordpress\/ -->\n<title>Location &amp; itin\u00e9raires de paddle surf - Custom sailing CB, location de bateau Costa Brava<\/title>\n<meta name=\"robots\" content=\"index, follow, max-snippet:-1, max-image-preview:large, max-video-preview:-1\" \/>\n<link rel=\"canonical\" href=\"https:\/\/customsailingcb.com\/fr\/experiences\/location-itineraires-de-paddle-surf\/\" \/>\n<meta property=\"og:locale\" content=\"fr_FR\" \/>\n<meta property=\"og:type\" content=\"article\" \/>\n<meta property=\"og:title\" content=\"Location &amp; itin\u00e9raires de paddle surf - Custom sailing CB, location de bateau Costa Brava\" \/>\n<meta property=\"og:description\" content=\"Location &amp; itin\u00e9raires de paddle surf Ressentez la mer et la Costa Brava \u00e0 la premi\u00e8re personne, nos instructeurs vous apprendront la technique du paddle surf que vous mettrez en pratique en visitant les meilleurs spots autour de Calella de Palafrugell. Consultez notre guide avec des informations sur les diff\u00e9rents itin\u00e9raires. Nous proposons diff\u00e9rentes modalit\u00e9s [&hellip;]\" \/>\n<meta property=\"og:url\" content=\"https:\/\/customsailingcb.com\/fr\/experiences\/location-itineraires-de-paddle-surf\/\" \/>\n<meta property=\"og:site_name\" content=\"Custom sailing CB, location de bateau Costa Brava\" \/>\n<meta property=\"article:publisher\" content=\"https:\/\/www.facebook.com\/customsailingcostabrava\" \/>\n<meta property=\"article:modified_time\" content=\"2025-03-12T08:14:16+00:00\" \/>\n<meta property=\"og:image\" content=\"https:\/\/customsailingcb.com\/wp-content\/uploads\/2025\/01\/SupYoga.webp\" \/>\n<meta name=\"twitter:card\" content=\"summary_large_image\" \/>\n<meta name=\"twitter:label1\" content=\"Dur\u00e9e de lecture estim\u00e9e\" \/>\n\t<meta name=\"twitter:data1\" content=\"1 minute\" \/>\n<script type=\"application\/ld+json\" class=\"yoast-schema-graph\">{\"@context\":\"https:\\\/\\\/schema.org\",\"@graph\":[{\"@type\":\"WebPage\",\"@id\":\"https:\\\/\\\/customsailingcb.com\\\/fr\\\/experiences\\\/location-itineraires-de-paddle-surf\\\/\",\"url\":\"https:\\\/\\\/customsailingcb.com\\\/fr\\\/experiences\\\/location-itineraires-de-paddle-surf\\\/\",\"name\":\"Location &amp; itin\u00e9raires de paddle surf - Custom sailing CB, location de bateau Costa Brava\",\"isPartOf\":{\"@id\":\"https:\\\/\\\/customsailingcb.com\\\/fr\\\/#website\"},\"primaryImageOfPage\":{\"@id\":\"https:\\\/\\\/customsailingcb.com\\\/fr\\\/experiences\\\/location-itineraires-de-paddle-surf\\\/#primaryimage\"},\"image\":{\"@id\":\"https:\\\/\\\/customsailingcb.com\\\/fr\\\/experiences\\\/location-itineraires-de-paddle-surf\\\/#primaryimage\"},\"thumbnailUrl\":\"https:\\\/\\\/customsailingcb.com\\\/wp-content\\\/uploads\\\/2025\\\/01\\\/SupYoga.webp\",\"datePublished\":\"2025-01-31T11:16:23+00:00\",\"dateModified\":\"2025-03-12T08:14:16+00:00\",\"breadcrumb\":{\"@id\":\"https:\\\/\\\/customsailingcb.com\\\/fr\\\/experiences\\\/location-itineraires-de-paddle-surf\\\/#breadcrumb\"},\"inLanguage\":\"fr-FR\",\"potentialAction\":[{\"@type\":\"ReadAction\",\"target\":[\"https:\\\/\\\/customsailingcb.com\\\/fr\\\/experiences\\\/location-itineraires-de-paddle-surf\\\/\"]}]},{\"@type\":\"ImageObject\",\"inLanguage\":\"fr-FR\",\"@id\":\"https:\\\/\\\/customsailingcb.com\\\/fr\\\/experiences\\\/location-itineraires-de-paddle-surf\\\/#primaryimage\",\"url\":\"https:\\\/\\\/customsailingcb.com\\\/wp-content\\\/uploads\\\/2025\\\/01\\\/SupYoga.webp\",\"contentUrl\":\"https:\\\/\\\/customsailingcb.com\\\/wp-content\\\/uploads\\\/2025\\\/01\\\/SupYoga.webp\"},{\"@type\":\"BreadcrumbList\",\"@id\":\"https:\\\/\\\/customsailingcb.com\\\/fr\\\/experiences\\\/location-itineraires-de-paddle-surf\\\/#breadcrumb\",\"itemListElement\":[{\"@type\":\"ListItem\",\"position\":1,\"name\":\"Inicio\",\"item\":\"https:\\\/\\\/customsailingcb.com\\\/fr\\\/\"},{\"@type\":\"ListItem\",\"position\":2,\"name\":\"Exp\u00e9riences\",\"item\":\"https:\\\/\\\/customsailingcb.com\\\/fr\\\/experiencias\\\/\"},{\"@type\":\"ListItem\",\"position\":3,\"name\":\"Location &amp; itin\u00e9raires de paddle surf\"}]},{\"@type\":\"WebSite\",\"@id\":\"https:\\\/\\\/customsailingcb.com\\\/fr\\\/#website\",\"url\":\"https:\\\/\\\/customsailingcb.com\\\/fr\\\/\",\"name\":\"Custom Sailing CB\",\"description\":\"Location de bateaux Costa Brava\",\"publisher\":{\"@id\":\"https:\\\/\\\/customsailingcb.com\\\/fr\\\/#organization\"},\"alternateName\":\"CustomSailingCB.com\",\"potentialAction\":[{\"@type\":\"SearchAction\",\"target\":{\"@type\":\"EntryPoint\",\"urlTemplate\":\"https:\\\/\\\/customsailingcb.com\\\/fr\\\/?s={search_term_string}\"},\"query-input\":{\"@type\":\"PropertyValueSpecification\",\"valueRequired\":true,\"valueName\":\"search_term_string\"}}],\"inLanguage\":\"fr-FR\"},{\"@type\":\"Organization\",\"@id\":\"https:\\\/\\\/customsailingcb.com\\\/fr\\\/#organization\",\"name\":\"Custom Sailing CB\",\"alternateName\":\"Custom Sailing Costa Brava\",\"url\":\"https:\\\/\\\/customsailingcb.com\\\/fr\\\/\",\"logo\":{\"@type\":\"ImageObject\",\"inLanguage\":\"fr-FR\",\"@id\":\"https:\\\/\\\/customsailingcb.com\\\/fr\\\/#\\\/schema\\\/logo\\\/image\\\/\",\"url\":\"https:\\\/\\\/www.customsailingcb.com\\\/wp-content\\\/uploads\\\/2025\\\/01\\\/Logo_customsailing-scaled.webp\",\"contentUrl\":\"https:\\\/\\\/www.customsailingcb.com\\\/wp-content\\\/uploads\\\/2025\\\/01\\\/Logo_customsailing-scaled.webp\",\"width\":2560,\"height\":1085,\"caption\":\"Custom Sailing CB\"},\"image\":{\"@id\":\"https:\\\/\\\/customsailingcb.com\\\/fr\\\/#\\\/schema\\\/logo\\\/image\\\/\"},\"sameAs\":[\"https:\\\/\\\/www.facebook.com\\\/customsailingcostabrava\",\"https:\\\/\\\/www.instagram.com\\\/customsailing\\\/\"]}]}<\/script>\n<!-- \/ Yoast SEO plugin. -->","yoast_head_json":{"title":"Location &amp; itin\u00e9raires de paddle surf - Custom sailing CB, location de bateau Costa Brava","robots":{"index":"index","follow":"follow","max-snippet":"max-snippet:-1","max-image-preview":"max-image-preview:large","max-video-preview":"max-video-preview:-1"},"canonical":"https:\/\/customsailingcb.com\/fr\/experiences\/location-itineraires-de-paddle-surf\/","og_locale":"fr_FR","og_type":"article","og_title":"Location &amp; itin\u00e9raires de paddle surf - Custom sailing CB, location de bateau Costa Brava","og_description":"Location &amp; itin\u00e9raires de paddle surf Ressentez la mer et la Costa Brava \u00e0 la premi\u00e8re personne, nos instructeurs vous apprendront la technique du paddle surf que vous mettrez en pratique en visitant les meilleurs spots autour de Calella de Palafrugell. Consultez notre guide avec des informations sur les diff\u00e9rents itin\u00e9raires. Nous proposons diff\u00e9rentes modalit\u00e9s [&hellip;]","og_url":"https:\/\/customsailingcb.com\/fr\/experiences\/location-itineraires-de-paddle-surf\/","og_site_name":"Custom sailing CB, location de bateau Costa Brava","article_publisher":"https:\/\/www.facebook.com\/customsailingcostabrava","article_modified_time":"2025-03-12T08:14:16+00:00","og_image":[{"url":"https:\/\/customsailingcb.com\/wp-content\/uploads\/2025\/01\/SupYoga.webp","type":"","width":"","height":""}],"twitter_card":"summary_large_image","twitter_misc":{"Dur\u00e9e de lecture estim\u00e9e":"1 minute"},"schema":{"@context":"https:\/\/schema.org","@graph":[{"@type":"WebPage","@id":"https:\/\/customsailingcb.com\/fr\/experiences\/location-itineraires-de-paddle-surf\/","url":"https:\/\/customsailingcb.com\/fr\/experiences\/location-itineraires-de-paddle-surf\/","name":"Location &amp; itin\u00e9raires de paddle surf - Custom sailing CB, location de bateau Costa Brava","isPartOf":{"@id":"https:\/\/customsailingcb.com\/fr\/#website"},"primaryImageOfPage":{"@id":"https:\/\/customsailingcb.com\/fr\/experiences\/location-itineraires-de-paddle-surf\/#primaryimage"},"image":{"@id":"https:\/\/customsailingcb.com\/fr\/experiences\/location-itineraires-de-paddle-surf\/#primaryimage"},"thumbnailUrl":"https:\/\/customsailingcb.com\/wp-content\/uploads\/2025\/01\/SupYoga.webp","datePublished":"2025-01-31T11:16:23+00:00","dateModified":"2025-03-12T08:14:16+00:00","breadcrumb":{"@id":"https:\/\/customsailingcb.com\/fr\/experiences\/location-itineraires-de-paddle-surf\/#breadcrumb"},"inLanguage":"fr-FR","potentialAction":[{"@type":"ReadAction","target":["https:\/\/customsailingcb.com\/fr\/experiences\/location-itineraires-de-paddle-surf\/"]}]},{"@type":"ImageObject","inLanguage":"fr-FR","@id":"https:\/\/customsailingcb.com\/fr\/experiences\/location-itineraires-de-paddle-surf\/#primaryimage","url":"https:\/\/customsailingcb.com\/wp-content\/uploads\/2025\/01\/SupYoga.webp","contentUrl":"https:\/\/customsailingcb.com\/wp-content\/uploads\/2025\/01\/SupYoga.webp"},{"@type":"BreadcrumbList","@id":"https:\/\/customsailingcb.com\/fr\/experiences\/location-itineraires-de-paddle-surf\/#breadcrumb","itemListElement":[{"@type":"ListItem","position":1,"name":"Inicio","item":"https:\/\/customsailingcb.com\/fr\/"},{"@type":"ListItem","position":2,"name":"Exp\u00e9riences","item":"https:\/\/customsailingcb.com\/fr\/experiencias\/"},{"@type":"ListItem","position":3,"name":"Location &amp; itin\u00e9raires de paddle surf"}]},{"@type":"WebSite","@id":"https:\/\/customsailingcb.com\/fr\/#website","url":"https:\/\/customsailingcb.com\/fr\/","name":"Custom Sailing CB","description":"Location de bateaux Costa Brava","publisher":{"@id":"https:\/\/customsailingcb.com\/fr\/#organization"},"alternateName":"CustomSailingCB.com","potentialAction":[{"@type":"SearchAction","target":{"@type":"EntryPoint","urlTemplate":"https:\/\/customsailingcb.com\/fr\/?s={search_term_string}"},"query-input":{"@type":"PropertyValueSpecification","valueRequired":true,"valueName":"search_term_string"}}],"inLanguage":"fr-FR"},{"@type":"Organization","@id":"https:\/\/customsailingcb.com\/fr\/#organization","name":"Custom Sailing CB","alternateName":"Custom Sailing Costa Brava","url":"https:\/\/customsailingcb.com\/fr\/","logo":{"@type":"ImageObject","inLanguage":"fr-FR","@id":"https:\/\/customsailingcb.com\/fr\/#\/schema\/logo\/image\/","url":"https:\/\/www.customsailingcb.com\/wp-content\/uploads\/2025\/01\/Logo_customsailing-scaled.webp","contentUrl":"https:\/\/www.customsailingcb.com\/wp-content\/uploads\/2025\/01\/Logo_customsailing-scaled.webp","width":2560,"height":1085,"caption":"Custom Sailing CB"},"image":{"@id":"https:\/\/customsailingcb.com\/fr\/#\/schema\/logo\/image\/"},"sameAs":["https:\/\/www.facebook.com\/customsailingcostabrava","https:\/\/www.instagram.com\/customsailing\/"]}]}},"_links":{"self":[{"href":"https:\/\/customsailingcb.com\/fr\/wp-json\/wp\/v2\/pages\/3542","targetHints":{"allow":["GET"]}}],"collection":[{"href":"https:\/\/customsailingcb.com\/fr\/wp-json\/wp\/v2\/pages"}],"about":[{"href":"https:\/\/customsailingcb.com\/fr\/wp-json\/wp\/v2\/types\/page"}],"author":[{"embeddable":true,"href":"https:\/\/customsailingcb.com\/fr\/wp-json\/wp\/v2\/users\/2"}],"replies":[{"embeddable":true,"href":"https:\/\/customsailingcb.com\/fr\/wp-json\/wp\/v2\/comments?post=3542"}],"version-history":[{"count":0,"href":"https:\/\/customsailingcb.com\/fr\/wp-json\/wp\/v2\/pages\/3542\/revisions"}],"up":[{"embeddable":true,"href":"https:\/\/customsailingcb.com\/fr\/wp-json\/wp\/v2\/pages\/3536"}],"wp:attachment":[{"href":"https:\/\/customsailingcb.com\/fr\/wp-json\/wp\/v2\/media?parent=3542"}],"curies":[{"name":"wp","href":"https:\/\/api.w.org\/{rel}","templated":true}]}}